{"id":51480,"date":"2025-08-25T14:11:25","date_gmt":"2025-08-25T13:11:25","guid":{"rendered":"https:\/\/traveluxury.com\/about-us"},"modified":"2025-08-25T14:11:25","modified_gmt":"2025-08-25T13:11:25","slug":"about-us","status":"publish","type":"page","link":"https:\/\/traveluxury.com\/fr\/about-us","title":{"rendered":"QUI SOMMES-NOUS"},"content":{"rendered":"<p>Traveluxury.com tire parti de ses vingt ans d\u2019exp\u00e9rience dans le domaine des voyages de luxe pour vous offrir les h\u00f4tels, les centres de vill\u00e9giature et les exp\u00e9riences de vacances les plus spectaculaires au monde \u00e0 des prix d\u2019initi\u00e9s. Nous mettons en relation des voyageurs sophistiqu\u00e9s et avertis comme vous avec un acc\u00e8s exclusif \u00e0 notre base de donn\u00e9es comprenant diff\u00e9rents types de propri\u00e9t\u00e9s dans le monde entier. <\/p>\n<p>Traveluxury.com a ajout\u00e9 de nouvelles fa\u00e7ons de trouver et de r\u00e9server des h\u00f4tels de luxe aux meilleurs prix possibles.<\/p>\n<p>Notre mission est de rendre les voyages et l\u2019h\u00e9bergement de luxe accessibles \u00e0 tous.<\/p>\n<p>Mais si vous ne trouvez pas ce que vous cherchez, nous nous sp\u00e9cialisons dans les voyages sur mesure et nous vous ferons d\u00e9couvrir de nouvelles exp\u00e9riences et inspirations.<\/p>\n<p>Le voyage parfait est toujours celui que vous \u00eates sur le point de commencer, alors <a href=\"https:\/\/www.traveluxury.com\/en\/register\" target=\"_blank\">rejoignez-nous<\/a> d\u00e8s maintenant !<\/p>\n<p>Avec 210 h\u00f4tels dans le monde entier en direct sur le site et son mod\u00e8le commercial unique, Traveluxury.com est une excellente alternative aux sites de r\u00e9servation habituels.<\/p>\n<p>Si vous avez des questions, n\u2019h\u00e9sitez pas \u00e0 nous contacter au <a href=\"mailto:sales@traveluxury.com\" target=\"_blank\">sales@traveluxury.com<\/a><\/p>\n","protected":false},"excerpt":{"rendered":"<p>Traveluxury.com tire parti de ses vingt ans d\u2019exp\u00e9rience dans le domaine des voyages de luxe pour vous offrir les h\u00f4tels, les centres de vill\u00e9giature et les exp\u00e9riences de vacances les plus spectaculaires au monde \u00e0 des prix d\u2019initi\u00e9s. Nous mettons en relation des voyageurs sophistiqu\u00e9s et&#8230;<\/p>\n","protected":false},"author":2,"featured_media":0,"parent":0,"menu_order":0,"comment_status":"closed","ping_status":"closed","template":"","meta":{"_acf_changed":false,"_monsterinsights_skip_tracking":false,"_monsterinsights_sitenote_active":false,"_monsterinsights_sitenote_note":"","_monsterinsights_sitenote_category":0,"_uf_show_specific_survey":0,"_uf_disable_surveys":false,"footnotes":""},"class_list":["post-51480","page","type-page","status-publish","hentry"],"acf":[],"aioseo_notices":[],"yoast_head":"<!-- This site is optimized with the Yoast SEO plugin v25.9 - https:\/\/yoast.com\/wordpress\/plugins\/seo\/ -->\n<title>\u00c0 propos de Traveluxury.com | D\u00e9cidez du prix que vous souhaitez<\/title>\n<meta name=\"robots\" content=\"index, follow, max-snippet:-1, max-image-preview:large, max-video-preview:-1\" \/>\n<link rel=\"canonical\" href=\"https:\/\/traveluxury.com\/fr\/about-us\" \/>\n<meta property=\"og:locale\" content=\"fr_FR\" \/>\n<meta property=\"og:type\" content=\"article\" \/>\n<meta property=\"og:title\" content=\"\u00c0 propos de Traveluxury.com | D\u00e9cidez du prix que vous souhaitez\" \/>\n<meta property=\"og:description\" content=\"Traveluxury.com tire parti de ses vingt ans d\u2019exp\u00e9rience dans le domaine des voyages de luxe pour vous offrir les h\u00f4tels, les centres de vill\u00e9giature et les exp\u00e9riences de vacances les plus spectaculaires au monde \u00e0 des prix d\u2019initi\u00e9s. Nous mettons en relation des voyageurs sophistiqu\u00e9s et...\" \/>\n<meta property=\"og:url\" content=\"https:\/\/traveluxury.com\/fr\/about-us\" \/>\n<meta property=\"og:site_name\" content=\"Traveluxury.com\" \/>\n<meta property=\"article:publisher\" content=\"https:\/\/www.facebook.com\/traveluxurypage\" \/>\n<meta name=\"twitter:card\" content=\"summary_large_image\" \/>\n<meta name=\"twitter:site\" content=\"@traveluxurypage\" \/>\n<meta name=\"twitter:label1\" content=\"Dur\u00e9e de lecture estim\u00e9e\" \/>\n\t<meta name=\"twitter:data1\" content=\"1 minute\" \/>\n<script type=\"application\/ld+json\" class=\"yoast-schema-graph\">{\"@context\":\"https:\/\/schema.org\",\"@graph\":[{\"@type\":\"WebPage\",\"@id\":\"https:\/\/traveluxury.com\/fr\/about-us\",\"url\":\"https:\/\/traveluxury.com\/fr\/about-us\",\"name\":\"\u00c0 propos de Traveluxury.com | D\u00e9cidez du prix que vous souhaitez\",\"isPartOf\":{\"@id\":\"https:\/\/traveluxury.com\/#website\"},\"datePublished\":\"2025-08-25T13:11:25+00:00\",\"breadcrumb\":{\"@id\":\"https:\/\/traveluxury.com\/fr\/about-us#breadcrumb\"},\"inLanguage\":\"fr-FR\",\"potentialAction\":[{\"@type\":\"ReadAction\",\"target\":[\"https:\/\/traveluxury.com\/fr\/about-us\"]}]},{\"@type\":\"BreadcrumbList\",\"@id\":\"https:\/\/traveluxury.com\/fr\/about-us#breadcrumb\",\"itemListElement\":[{\"@type\":\"ListItem\",\"position\":1,\"name\":\"Home\",\"item\":\"https:\/\/traveluxury.com\/fr\"},{\"@type\":\"ListItem\",\"position\":2,\"name\":\"QUI SOMMES-NOUS\"}]},{\"@type\":\"WebSite\",\"@id\":\"https:\/\/traveluxury.com\/#website\",\"url\":\"https:\/\/traveluxury.com\/\",\"name\":\"Traveluxury.com\",\"description\":\"H\u00f4tels exceptionnels \u00e0  desprix exceptionnels\",\"potentialAction\":[{\"@type\":\"SearchAction\",\"target\":{\"@type\":\"EntryPoint\",\"urlTemplate\":\"https:\/\/traveluxury.com\/?s={search_term_string}\"},\"query-input\":{\"@type\":\"PropertyValueSpecification\",\"valueRequired\":true,\"valueName\":\"search_term_string\"}}],\"inLanguage\":\"fr-FR\"}]}<\/script>\n<!-- \/ Yoast SEO plugin. -->","yoast_head_json":{"title":"\u00c0 propos de Traveluxury.com | D\u00e9cidez du prix que vous souhaitez","robots":{"index":"index","follow":"follow","max-snippet":"max-snippet:-1","max-image-preview":"max-image-preview:large","max-video-preview":"max-video-preview:-1"},"canonical":"https:\/\/traveluxury.com\/fr\/about-us","og_locale":"fr_FR","og_type":"article","og_title":"\u00c0 propos de Traveluxury.com | D\u00e9cidez du prix que vous souhaitez","og_description":"Traveluxury.com tire parti de ses vingt ans d\u2019exp\u00e9rience dans le domaine des voyages de luxe pour vous offrir les h\u00f4tels, les centres de vill\u00e9giature et les exp\u00e9riences de vacances les plus spectaculaires au monde \u00e0 des prix d\u2019initi\u00e9s. Nous mettons en relation des voyageurs sophistiqu\u00e9s et...","og_url":"https:\/\/traveluxury.com\/fr\/about-us","og_site_name":"Traveluxury.com","article_publisher":"https:\/\/www.facebook.com\/traveluxurypage","twitter_card":"summary_large_image","twitter_site":"@traveluxurypage","twitter_misc":{"Dur\u00e9e de lecture estim\u00e9e":"1 minute"},"schema":{"@context":"https:\/\/schema.org","@graph":[{"@type":"WebPage","@id":"https:\/\/traveluxury.com\/fr\/about-us","url":"https:\/\/traveluxury.com\/fr\/about-us","name":"\u00c0 propos de Traveluxury.com | D\u00e9cidez du prix que vous souhaitez","isPartOf":{"@id":"https:\/\/traveluxury.com\/#website"},"datePublished":"2025-08-25T13:11:25+00:00","breadcrumb":{"@id":"https:\/\/traveluxury.com\/fr\/about-us#breadcrumb"},"inLanguage":"fr-FR","potentialAction":[{"@type":"ReadAction","target":["https:\/\/traveluxury.com\/fr\/about-us"]}]},{"@type":"BreadcrumbList","@id":"https:\/\/traveluxury.com\/fr\/about-us#breadcrumb","itemListElement":[{"@type":"ListItem","position":1,"name":"Home","item":"https:\/\/traveluxury.com\/fr"},{"@type":"ListItem","position":2,"name":"QUI SOMMES-NOUS"}]},{"@type":"WebSite","@id":"https:\/\/traveluxury.com\/#website","url":"https:\/\/traveluxury.com\/","name":"Traveluxury.com","description":"H\u00f4tels exceptionnels \u00e0  desprix exceptionnels","potentialAction":[{"@type":"SearchAction","target":{"@type":"EntryPoint","urlTemplate":"https:\/\/traveluxury.com\/?s={search_term_string}"},"query-input":{"@type":"PropertyValueSpecification","valueRequired":true,"valueName":"search_term_string"}}],"inLanguage":"fr-FR"}]}},"_links":{"self":[{"href":"https:\/\/traveluxury.com\/fr\/wp-json\/wp\/v2\/pages\/51480","targetHints":{"allow":["GET"]}}],"collection":[{"href":"https:\/\/traveluxury.com\/fr\/wp-json\/wp\/v2\/pages"}],"about":[{"href":"https:\/\/traveluxury.com\/fr\/wp-json\/wp\/v2\/types\/page"}],"author":[{"embeddable":true,"href":"https:\/\/traveluxury.com\/fr\/wp-json\/wp\/v2\/users\/2"}],"replies":[{"embeddable":true,"href":"https:\/\/traveluxury.com\/fr\/wp-json\/wp\/v2\/comments?post=51480"}],"version-history":[{"count":0,"href":"https:\/\/traveluxury.com\/fr\/wp-json\/wp\/v2\/pages\/51480\/revisions"}],"wp:attachment":[{"href":"https:\/\/traveluxury.com\/fr\/wp-json\/wp\/v2\/media?parent=51480"}],"curies":[{"name":"wp","href":"https:\/\/api.w.org\/{rel}","templated":true}]}}