{"id":23770,"date":"2017-11-03T22:37:11","date_gmt":"2017-11-03T21:37:11","guid":{"rendered":"https:\/\/www.traveluxury.com\/join-our-newsletter"},"modified":"2019-02-24T13:05:53","modified_gmt":"2019-02-24T12:05:53","slug":"newsletter","status":"publish","type":"page","link":"https:\/\/traveluxury.com\/fr\/newsletter","title":{"rendered":"S&rsquo;inscrire \u00e0 notre newsletter"},"content":{"rendered":"<p style=\"text-align: center;\">\n<div class=\"wpcf7 no-js\" id=\"wpcf7-f23769-o1\" lang=\"en-US\" dir=\"ltr\" data-wpcf7-id=\"23769\">\n<div class=\"screen-reader-response\"><p role=\"status\" aria-live=\"polite\" aria-atomic=\"true\"><\/p> <ul><\/ul><\/div>\n<form action=\"\/fr\/wp-json\/wp\/v2\/pages\/23770#wpcf7-f23769-o1\" method=\"post\" class=\"wpcf7-form init\" aria-label=\"Contact form\" novalidate=\"novalidate\" data-status=\"init\">\n<fieldset class=\"hidden-fields-container\"><input type=\"hidden\" name=\"_wpcf7\" value=\"23769\" \/><input type=\"hidden\" name=\"_wpcf7_version\" value=\"6.1.1\" \/><input type=\"hidden\" name=\"_wpcf7_locale\" value=\"en_US\" \/><input type=\"hidden\" name=\"_wpcf7_unit_tag\" value=\"wpcf7-f23769-o1\" \/><input type=\"hidden\" name=\"_wpcf7_container_post\" value=\"0\" \/><input type=\"hidden\" name=\"_wpcf7_posted_data_hash\" value=\"\" \/>\n<\/fieldset>\n<p>Votre nom et pr\u00e9nom (obligatoire)\n<\/p>\n<p><span class=\"wpcf7-form-control-wrap\" data-name=\"your-name\"><input size=\"40\" maxlength=\"400\" class=\"wpcf7-form-control wpcf7-text wpcf7-validates-as-required\" aria-required=\"true\" aria-invalid=\"false\" value=\"\" type=\"text\" name=\"your-name\" \/><\/span>\n<\/p>\n<p>Votre email (obligatoire)\n<\/p>\n<p><span class=\"wpcf7-form-control-wrap\" data-name=\"your-email\"><input size=\"40\" maxlength=\"400\" class=\"wpcf7-form-control wpcf7-email wpcf7-validates-as-required wpcf7-text wpcf7-validates-as-email\" aria-required=\"true\" aria-invalid=\"false\" value=\"\" type=\"email\" name=\"your-email\" \/><\/span>\n<\/p>\n<p>[recaptcha]\n<\/p>\n<p><input class=\"wpcf7-form-control wpcf7-submit has-spinner\" type=\"submit\" value=\"S&#039;enregistrer\" \/>\n<\/p><div class=\"wpcf7-response-output\" aria-hidden=\"true\"><\/div>\n<\/form>\n<\/div>\n","protected":false},"excerpt":{"rendered":"Votre nom et pr\u00e9nom (obligatoire) Votre email (obligatoire) [recaptcha]","protected":false},"author":2,"featured_media":0,"parent":0,"menu_order":0,"comment_status":"closed","ping_status":"closed","template":"","meta":{"_acf_changed":false,"_monsterinsights_skip_tracking":false,"_monsterinsights_sitenote_active":false,"_monsterinsights_sitenote_note":"","_monsterinsights_sitenote_category":0,"_uf_show_specific_survey":0,"_uf_disable_surveys":false,"footnotes":""},"class_list":["post-23770","page","type-page","status-publish","hentry"],"acf":[],"aioseo_notices":[],"yoast_head":"<!-- This site is optimized with the Yoast SEO plugin v25.9 - https:\/\/yoast.com\/wordpress\/plugins\/seo\/ -->\n<title>S&#039;inscrire \u00e0 la newsletter Traveluxury.com<\/title>\n<meta name=\"description\" content=\"Profitez des meilleurs tarifs sur tous nos h\u00f4tels de luxe et nos resorts en vous inscrivant \u00e0 la newsletter Traveluxury.com.\" \/>\n<meta name=\"robots\" content=\"index, follow, max-snippet:-1, max-image-preview:large, max-video-preview:-1\" \/>\n<link rel=\"canonical\" href=\"https:\/\/traveluxury.com\/fr\/newsletter\" \/>\n<meta property=\"og:locale\" content=\"fr_FR\" \/>\n<meta property=\"og:type\" content=\"article\" \/>\n<meta property=\"og:title\" content=\"S&#039;inscrire \u00e0 la newsletter Traveluxury.com\" \/>\n<meta property=\"og:description\" content=\"Profitez des meilleurs tarifs sur tous nos h\u00f4tels de luxe et nos resorts en vous inscrivant \u00e0 la newsletter Traveluxury.com.\" \/>\n<meta property=\"og:url\" content=\"https:\/\/traveluxury.com\/fr\/newsletter\" \/>\n<meta property=\"og:site_name\" content=\"Traveluxury.com\" \/>\n<meta property=\"article:publisher\" content=\"https:\/\/www.facebook.com\/traveluxurypage\" \/>\n<meta property=\"article:modified_time\" content=\"2019-02-24T12:05:53+00:00\" \/>\n<meta name=\"twitter:card\" content=\"summary_large_image\" \/>\n<meta name=\"twitter:site\" content=\"@traveluxurypage\" \/>\n<script type=\"application\/ld+json\" class=\"yoast-schema-graph\">{\"@context\":\"https:\/\/schema.org\",\"@graph\":[{\"@type\":\"WebPage\",\"@id\":\"https:\/\/traveluxury.com\/fr\/newsletter\",\"url\":\"https:\/\/traveluxury.com\/fr\/newsletter\",\"name\":\"S'inscrire \u00e0 la newsletter Traveluxury.com\",\"isPartOf\":{\"@id\":\"https:\/\/traveluxury.com\/#website\"},\"datePublished\":\"2017-11-03T21:37:11+00:00\",\"dateModified\":\"2019-02-24T12:05:53+00:00\",\"description\":\"Profitez des meilleurs tarifs sur tous nos h\u00f4tels de luxe et nos resorts en vous inscrivant \u00e0 la newsletter Traveluxury.com.\",\"breadcrumb\":{\"@id\":\"https:\/\/traveluxury.com\/fr\/newsletter#breadcrumb\"},\"inLanguage\":\"fr-FR\",\"potentialAction\":[{\"@type\":\"ReadAction\",\"target\":[\"https:\/\/traveluxury.com\/fr\/newsletter\"]}]},{\"@type\":\"BreadcrumbList\",\"@id\":\"https:\/\/traveluxury.com\/fr\/newsletter#breadcrumb\",\"itemListElement\":[{\"@type\":\"ListItem\",\"position\":1,\"name\":\"Home\",\"item\":\"https:\/\/traveluxury.com\/fr\"},{\"@type\":\"ListItem\",\"position\":2,\"name\":\"S&rsquo;inscrire \u00e0 notre newsletter\"}]},{\"@type\":\"WebSite\",\"@id\":\"https:\/\/traveluxury.com\/#website\",\"url\":\"https:\/\/traveluxury.com\/\",\"name\":\"Traveluxury.com\",\"description\":\"H\u00f4tels exceptionnels \u00e0  desprix exceptionnels\",\"potentialAction\":[{\"@type\":\"SearchAction\",\"target\":{\"@type\":\"EntryPoint\",\"urlTemplate\":\"https:\/\/traveluxury.com\/?s={search_term_string}\"},\"query-input\":{\"@type\":\"PropertyValueSpecification\",\"valueRequired\":true,\"valueName\":\"search_term_string\"}}],\"inLanguage\":\"fr-FR\"}]}<\/script>\n<!-- \/ Yoast SEO plugin. -->","yoast_head_json":{"title":"S'inscrire \u00e0 la newsletter Traveluxury.com","description":"Profitez des meilleurs tarifs sur tous nos h\u00f4tels de luxe et nos resorts en vous inscrivant \u00e0 la newsletter Traveluxury.com.","robots":{"index":"index","follow":"follow","max-snippet":"max-snippet:-1","max-image-preview":"max-image-preview:large","max-video-preview":"max-video-preview:-1"},"canonical":"https:\/\/traveluxury.com\/fr\/newsletter","og_locale":"fr_FR","og_type":"article","og_title":"S'inscrire \u00e0 la newsletter Traveluxury.com","og_description":"Profitez des meilleurs tarifs sur tous nos h\u00f4tels de luxe et nos resorts en vous inscrivant \u00e0 la newsletter Traveluxury.com.","og_url":"https:\/\/traveluxury.com\/fr\/newsletter","og_site_name":"Traveluxury.com","article_publisher":"https:\/\/www.facebook.com\/traveluxurypage","article_modified_time":"2019-02-24T12:05:53+00:00","twitter_card":"summary_large_image","twitter_site":"@traveluxurypage","schema":{"@context":"https:\/\/schema.org","@graph":[{"@type":"WebPage","@id":"https:\/\/traveluxury.com\/fr\/newsletter","url":"https:\/\/traveluxury.com\/fr\/newsletter","name":"S'inscrire \u00e0 la newsletter Traveluxury.com","isPartOf":{"@id":"https:\/\/traveluxury.com\/#website"},"datePublished":"2017-11-03T21:37:11+00:00","dateModified":"2019-02-24T12:05:53+00:00","description":"Profitez des meilleurs tarifs sur tous nos h\u00f4tels de luxe et nos resorts en vous inscrivant \u00e0 la newsletter Traveluxury.com.","breadcrumb":{"@id":"https:\/\/traveluxury.com\/fr\/newsletter#breadcrumb"},"inLanguage":"fr-FR","potentialAction":[{"@type":"ReadAction","target":["https:\/\/traveluxury.com\/fr\/newsletter"]}]},{"@type":"BreadcrumbList","@id":"https:\/\/traveluxury.com\/fr\/newsletter#breadcrumb","itemListElement":[{"@type":"ListItem","position":1,"name":"Home","item":"https:\/\/traveluxury.com\/fr"},{"@type":"ListItem","position":2,"name":"S&rsquo;inscrire \u00e0 notre newsletter"}]},{"@type":"WebSite","@id":"https:\/\/traveluxury.com\/#website","url":"https:\/\/traveluxury.com\/","name":"Traveluxury.com","description":"H\u00f4tels exceptionnels \u00e0  desprix exceptionnels","potentialAction":[{"@type":"SearchAction","target":{"@type":"EntryPoint","urlTemplate":"https:\/\/traveluxury.com\/?s={search_term_string}"},"query-input":{"@type":"PropertyValueSpecification","valueRequired":true,"valueName":"search_term_string"}}],"inLanguage":"fr-FR"}]}},"_links":{"self":[{"href":"https:\/\/traveluxury.com\/fr\/wp-json\/wp\/v2\/pages\/23770","targetHints":{"allow":["GET"]}}],"collection":[{"href":"https:\/\/traveluxury.com\/fr\/wp-json\/wp\/v2\/pages"}],"about":[{"href":"https:\/\/traveluxury.com\/fr\/wp-json\/wp\/v2\/types\/page"}],"author":[{"embeddable":true,"href":"https:\/\/traveluxury.com\/fr\/wp-json\/wp\/v2\/users\/2"}],"replies":[{"embeddable":true,"href":"https:\/\/traveluxury.com\/fr\/wp-json\/wp\/v2\/comments?post=23770"}],"version-history":[{"count":1,"href":"https:\/\/traveluxury.com\/fr\/wp-json\/wp\/v2\/pages\/23770\/revisions"}],"predecessor-version":[{"id":25436,"href":"https:\/\/traveluxury.com\/fr\/wp-json\/wp\/v2\/pages\/23770\/revisions\/25436"}],"wp:attachment":[{"href":"https:\/\/traveluxury.com\/fr\/wp-json\/wp\/v2\/media?parent=23770"}],"curies":[{"name":"wp","href":"https:\/\/api.w.org\/{rel}","templated":true}]}}