{"id":22840,"date":"2018-08-04T15:03:37","date_gmt":"2018-08-04T14:03:37","guid":{"rendered":"https:\/\/www.traveluxury.com\/terms-of-use-copy"},"modified":"2019-06-18T15:25:07","modified_gmt":"2019-06-18T14:25:07","slug":"mentions-legales","status":"publish","type":"page","link":"https:\/\/traveluxury.com\/fr\/mentions-legales","title":{"rendered":"Mentions l\u00e9gales"},"content":{"rendered":"<p><strong>La Soci\u00e9t\u00e9<\/strong><br \/>\nLe pr\u00e9sent site est la propri\u00e9t\u00e9 des Editions Sisyphe.<br \/>\n15 Rue laugier,\u00a075017 Paris,\u00a0France<br \/>\nRCS 420\u00a0467 177<br \/>\nN\u00b0 TVA intracommunautaire FR 60\u00a0420\u00a0467\u00a0177<br \/>\nT\u00e9l :0140547119<br \/>\nE-Mail\u00a0: sales@traveluxury.com<\/p>\n<p>En conformit\u00e9 avec les dispositions de la loi du 6 janvier 1978\u00a0modifi\u00e9e relative \u00e0 l&rsquo;informatique, aux fichiers et aux libert\u00e9s, le traitement\u00a0automatis\u00e9 des donn\u00e9es nominatives r\u00e9alis\u00e9es \u00e0 partir du site Internet a fait\u00a0l&rsquo;objet d&rsquo;une d\u00e9claration aupr\u00e8s de la Commission nationale de l&rsquo;informatique\u00a0et des libert\u00e9s (CNIL).<\/p>\n<p>L&rsquo;utilisateur dispose\u00a0d&rsquo;un droit d&rsquo;acc\u00e8s, de modification, de rectification et de suppression des\u00a0donn\u00e9es qui le concernent (article 38 et suivants de la loi \u00a0\u00bb Informatique et\u00a0Libert\u00e9s \u00ab\u00a0). Pour l&rsquo;exercer, l&rsquo;utilisateur peut s&rsquo;adresser au si\u00e8ge de la soci\u00e9t\u00e9\u00a0Traveluxury.com.<\/p>\n<p>Toute reproduction ou repr\u00e9sentation totale ou partielle de ce site\u00a0par quelque proc\u00e9d\u00e9 que ce soit, sans l&rsquo;autorisation expresse de\u00a0Traveluxury.com est interdite et constituerait une contrefa\u00e7on sanctionn\u00e9e par\u00a0les articles L 335-2 et suivants du Code de la propri\u00e9t\u00e9 intellectuelle.\u00a0Les bases de donn\u00e9es figurant sur le site Internet sont prot\u00e9g\u00e9es par\u00a0les dispositions de la loi du 11 juillet 1998 portant transposition dans le Code\u00a0de la propri\u00e9t\u00e9 intellectuelle (CPI) de la directive europ\u00e9enne du 11 mars 1996\u00a0relative \u00e0 la protection juridique des bases de donn\u00e9es. Sont notamment\u00a0interdites l&rsquo;extraction et la r\u00e9utilisation, quantitativement ou qualitativement\u00a0substantielles, du contenu des bases de donn\u00e9es contenues sur ce site\u00a0Internet. Tout contrevenant s&rsquo;expose aux sanctions vis\u00e9es aux articles L 343-1\u00a0et suivants du Code de la propri\u00e9t\u00e9 intellectuelle.<\/p>\n<p>Les marques de Traveluxury et de ses partenaires,\u00a0ainsi que les logos figurant sur le site sont des marques (semi-figuratives ou\u00a0non) et sont d\u00e9pos\u00e9es. Toute reproduction totale ou partielle de ces marques<br \/>\nou de ces logos effectu\u00e9es \u00e0 partir des \u00e9l\u00e9ments du site sans l&rsquo;autorisation\u00a0expresse de Traveluxury est prohib\u00e9e, au sens des articles L.713-2 et suivants\u00a0du Code de la Propri\u00e9t\u00e9 Intellectuelle.<\/p>\n<p>Les utilisateurs visiteurs du site Internet\u00a0ne peuvent mettre en place un hyperlien en direction de ce site sans\u00a0l&rsquo;autorisation expresse et pr\u00e9alable de Traveluxury.<\/p>\n","protected":false},"excerpt":{"rendered":"<p>La Soci\u00e9t\u00e9 Le pr\u00e9sent site est la propri\u00e9t\u00e9 des Editions Sisyphe. 15 Rue laugier,\u00a075017 Paris,\u00a0France RCS 420\u00a0467 177 N\u00b0 TVA intracommunautaire FR 60\u00a0420\u00a0467\u00a0177 T\u00e9l :0140547119 E-Mail\u00a0: sales@traveluxury.com En conformit\u00e9 avec les dispositions de la loi du 6 janvier 1978\u00a0modifi\u00e9e relative \u00e0 l&rsquo;informatique, aux fichiers et aux&#8230;<\/p>\n","protected":false},"author":2,"featured_media":0,"parent":0,"menu_order":0,"comment_status":"closed","ping_status":"closed","template":"","meta":{"_acf_changed":false,"_monsterinsights_skip_tracking":false,"_monsterinsights_sitenote_active":false,"_monsterinsights_sitenote_note":"","_monsterinsights_sitenote_category":0,"_uf_show_specific_survey":0,"_uf_disable_surveys":false,"footnotes":""},"class_list":["post-22840","page","type-page","status-publish","hentry"],"acf":[],"aioseo_notices":[],"yoast_head":"<!-- This site is optimized with the Yoast SEO plugin v25.9 - https:\/\/yoast.com\/wordpress\/plugins\/seo\/ -->\n<title>Terms of use | Luxury hotels &amp; resorts | Traveluxury<\/title>\n<meta name=\"robots\" content=\"index, follow, max-snippet:-1, max-image-preview:large, max-video-preview:-1\" \/>\n<link rel=\"canonical\" href=\"https:\/\/traveluxury.com\/fr\/mentions-legales\" \/>\n<meta property=\"og:locale\" content=\"fr_FR\" \/>\n<meta property=\"og:type\" content=\"article\" \/>\n<meta property=\"og:title\" content=\"Terms of use | Luxury hotels &amp; resorts | Traveluxury\" \/>\n<meta property=\"og:description\" content=\"La Soci\u00e9t\u00e9 Le pr\u00e9sent site est la propri\u00e9t\u00e9 des Editions Sisyphe. 15 Rue laugier,\u00a075017 Paris,\u00a0France RCS 420\u00a0467 177 N\u00b0 TVA intracommunautaire FR 60\u00a0420\u00a0467\u00a0177 T\u00e9l :0140547119 E-Mail\u00a0: sales@traveluxury.com En conformit\u00e9 avec les dispositions de la loi du 6 janvier 1978\u00a0modifi\u00e9e relative \u00e0 l&rsquo;informatique, aux fichiers et aux...\" \/>\n<meta property=\"og:url\" content=\"https:\/\/traveluxury.com\/fr\/mentions-legales\" \/>\n<meta property=\"og:site_name\" content=\"Traveluxury.com\" \/>\n<meta property=\"article:publisher\" content=\"https:\/\/www.facebook.com\/traveluxurypage\" \/>\n<meta property=\"article:modified_time\" content=\"2019-06-18T14:25:07+00:00\" \/>\n<meta name=\"twitter:card\" content=\"summary_large_image\" \/>\n<meta name=\"twitter:site\" content=\"@traveluxurypage\" \/>\n<meta name=\"twitter:label1\" content=\"Dur\u00e9e de lecture estim\u00e9e\" \/>\n\t<meta name=\"twitter:data1\" content=\"2 minutes\" \/>\n<script type=\"application\/ld+json\" class=\"yoast-schema-graph\">{\"@context\":\"https:\/\/schema.org\",\"@graph\":[{\"@type\":\"WebPage\",\"@id\":\"https:\/\/traveluxury.com\/fr\/mentions-legales\",\"url\":\"https:\/\/traveluxury.com\/fr\/mentions-legales\",\"name\":\"Terms of use | Luxury hotels & resorts | Traveluxury\",\"isPartOf\":{\"@id\":\"https:\/\/traveluxury.com\/#website\"},\"datePublished\":\"2018-08-04T14:03:37+00:00\",\"dateModified\":\"2019-06-18T14:25:07+00:00\",\"breadcrumb\":{\"@id\":\"https:\/\/traveluxury.com\/fr\/mentions-legales#breadcrumb\"},\"inLanguage\":\"fr-FR\",\"potentialAction\":[{\"@type\":\"ReadAction\",\"target\":[\"https:\/\/traveluxury.com\/fr\/mentions-legales\"]}]},{\"@type\":\"BreadcrumbList\",\"@id\":\"https:\/\/traveluxury.com\/fr\/mentions-legales#breadcrumb\",\"itemListElement\":[{\"@type\":\"ListItem\",\"position\":1,\"name\":\"Home\",\"item\":\"https:\/\/traveluxury.com\/fr\"},{\"@type\":\"ListItem\",\"position\":2,\"name\":\"Mentions l\u00e9gales\"}]},{\"@type\":\"WebSite\",\"@id\":\"https:\/\/traveluxury.com\/#website\",\"url\":\"https:\/\/traveluxury.com\/\",\"name\":\"Traveluxury.com\",\"description\":\"H\u00f4tels exceptionnels \u00e0  desprix exceptionnels\",\"potentialAction\":[{\"@type\":\"SearchAction\",\"target\":{\"@type\":\"EntryPoint\",\"urlTemplate\":\"https:\/\/traveluxury.com\/?s={search_term_string}\"},\"query-input\":{\"@type\":\"PropertyValueSpecification\",\"valueRequired\":true,\"valueName\":\"search_term_string\"}}],\"inLanguage\":\"fr-FR\"}]}<\/script>\n<!-- \/ Yoast SEO plugin. -->","yoast_head_json":{"title":"Terms of use | Luxury hotels & resorts | Traveluxury","robots":{"index":"index","follow":"follow","max-snippet":"max-snippet:-1","max-image-preview":"max-image-preview:large","max-video-preview":"max-video-preview:-1"},"canonical":"https:\/\/traveluxury.com\/fr\/mentions-legales","og_locale":"fr_FR","og_type":"article","og_title":"Terms of use | Luxury hotels & resorts | Traveluxury","og_description":"La Soci\u00e9t\u00e9 Le pr\u00e9sent site est la propri\u00e9t\u00e9 des Editions Sisyphe. 15 Rue laugier,\u00a075017 Paris,\u00a0France RCS 420\u00a0467 177 N\u00b0 TVA intracommunautaire FR 60\u00a0420\u00a0467\u00a0177 T\u00e9l :0140547119 E-Mail\u00a0: sales@traveluxury.com En conformit\u00e9 avec les dispositions de la loi du 6 janvier 1978\u00a0modifi\u00e9e relative \u00e0 l&rsquo;informatique, aux fichiers et aux...","og_url":"https:\/\/traveluxury.com\/fr\/mentions-legales","og_site_name":"Traveluxury.com","article_publisher":"https:\/\/www.facebook.com\/traveluxurypage","article_modified_time":"2019-06-18T14:25:07+00:00","twitter_card":"summary_large_image","twitter_site":"@traveluxurypage","twitter_misc":{"Dur\u00e9e de lecture estim\u00e9e":"2 minutes"},"schema":{"@context":"https:\/\/schema.org","@graph":[{"@type":"WebPage","@id":"https:\/\/traveluxury.com\/fr\/mentions-legales","url":"https:\/\/traveluxury.com\/fr\/mentions-legales","name":"Terms of use | Luxury hotels & resorts | Traveluxury","isPartOf":{"@id":"https:\/\/traveluxury.com\/#website"},"datePublished":"2018-08-04T14:03:37+00:00","dateModified":"2019-06-18T14:25:07+00:00","breadcrumb":{"@id":"https:\/\/traveluxury.com\/fr\/mentions-legales#breadcrumb"},"inLanguage":"fr-FR","potentialAction":[{"@type":"ReadAction","target":["https:\/\/traveluxury.com\/fr\/mentions-legales"]}]},{"@type":"BreadcrumbList","@id":"https:\/\/traveluxury.com\/fr\/mentions-legales#breadcrumb","itemListElement":[{"@type":"ListItem","position":1,"name":"Home","item":"https:\/\/traveluxury.com\/fr"},{"@type":"ListItem","position":2,"name":"Mentions l\u00e9gales"}]},{"@type":"WebSite","@id":"https:\/\/traveluxury.com\/#website","url":"https:\/\/traveluxury.com\/","name":"Traveluxury.com","description":"H\u00f4tels exceptionnels \u00e0  desprix exceptionnels","potentialAction":[{"@type":"SearchAction","target":{"@type":"EntryPoint","urlTemplate":"https:\/\/traveluxury.com\/?s={search_term_string}"},"query-input":{"@type":"PropertyValueSpecification","valueRequired":true,"valueName":"search_term_string"}}],"inLanguage":"fr-FR"}]}},"_links":{"self":[{"href":"https:\/\/traveluxury.com\/fr\/wp-json\/wp\/v2\/pages\/22840","targetHints":{"allow":["GET"]}}],"collection":[{"href":"https:\/\/traveluxury.com\/fr\/wp-json\/wp\/v2\/pages"}],"about":[{"href":"https:\/\/traveluxury.com\/fr\/wp-json\/wp\/v2\/types\/page"}],"author":[{"embeddable":true,"href":"https:\/\/traveluxury.com\/fr\/wp-json\/wp\/v2\/users\/2"}],"replies":[{"embeddable":true,"href":"https:\/\/traveluxury.com\/fr\/wp-json\/wp\/v2\/comments?post=22840"}],"version-history":[{"count":2,"href":"https:\/\/traveluxury.com\/fr\/wp-json\/wp\/v2\/pages\/22840\/revisions"}],"predecessor-version":[{"id":27111,"href":"https:\/\/traveluxury.com\/fr\/wp-json\/wp\/v2\/pages\/22840\/revisions\/27111"}],"wp:attachment":[{"href":"https:\/\/traveluxury.com\/fr\/wp-json\/wp\/v2\/media?parent=22840"}],"curies":[{"name":"wp","href":"https:\/\/api.w.org\/{rel}","templated":true}]}}