{"id":22834,"date":"2018-08-04T14:55:01","date_gmt":"2018-08-04T13:55:01","guid":{"rendered":"https:\/\/www.traveluxury.com\/faq-copy"},"modified":"2025-10-16T09:33:16","modified_gmt":"2025-10-16T08:33:16","slug":"foire-a-questions","status":"publish","type":"page","link":"https:\/\/traveluxury.com\/fr\/foire-a-questions","title":{"rendered":"Foire Aux Questions"},"content":{"rendered":"<div class=\"wpb-content-wrapper\"><p>[vc_row][vc_column][vc_toggle title=\u00a0\u00bbQui sommes-nous ?\u00a0\u00bb css=\u00a0\u00bb\u00a0\u00bb el_id=\u00a0\u00bb1464079076233-c069ad4b-2119&Prime;]<\/p>\n<p data-start=\"42\" data-end=\"143\"><strong data-start=\"42\" data-end=\"141\">Traveluxury.com \u2013 Votre passerelle vers une visibilit\u00e9 mondiale sur le march\u00e9 du voyage de luxe<\/strong><\/p>\n<p data-start=\"145\" data-end=\"298\">Depuis sa cr\u00e9ation en septembre 2000, <strong data-start=\"183\" data-end=\"202\">Traveluxury.com<\/strong> s\u2019est impos\u00e9 comme une agence de voyage haut de gamme, d\u00e9di\u00e9e \u00e0 la qualit\u00e9 et \u00e0 l\u2019excellence.<\/p>\n<p data-start=\"300\" data-end=\"598\">Gr\u00e2ce \u00e0 nos partenariats exclusifs avec des h\u00f4tels 5 \u00e9toiles prestigieux \u2014 qu\u2019ils soient de charme ou de renomm\u00e9e internationale \u2014 nous offrons des exp\u00e9riences de voyage d\u2019exception \u00e0 des tarifs tr\u00e8s comp\u00e9titifs. Cette approche unique nous a permis de fid\u00e9liser une client\u00e8le vari\u00e9e et exigeante.<\/p>\n<p data-start=\"600\" data-end=\"818\">Nous pr\u00e9sentons avec fiert\u00e9 une <strong data-start=\"632\" data-end=\"689\">s\u00e9lection soigneusement choisie de 200 h\u00f4tels de luxe<\/strong> \u00e0 travers les cinq continents, garantissant une visibilit\u00e9 maximale pour nos partenaires, sans risque de saturation du march\u00e9.<\/p>\n<p data-start=\"820\" data-end=\"921\">En rejoignant <strong data-start=\"834\" data-end=\"853\">Traveluxury.com<\/strong>, votre \u00e9tablissement b\u00e9n\u00e9ficiera d\u2019une exposition exceptionnelle.<\/p>\n<p data-start=\"923\" data-end=\"1042\">Chez <strong data-start=\"928\" data-end=\"947\">Traveluxury.com<\/strong>, nous ne faisons pas que promouvoir le voyage \u2014 <strong data-start=\"996\" data-end=\"1038\">nous red\u00e9finissons le Voyage &amp; le Luxe<\/strong> !<\/p>\n<p>[\/vc_toggle][\/vc_column][\/vc_row][vc_row][vc_column][\/vc_column][vc_column][\/vc_column][\/vc_row]<\/p>\n<\/div>","protected":false},"excerpt":{"rendered":"<p>[vc_row][vc_column][vc_toggle title=\u00a0\u00bbQui sommes-nous ?\u00a0\u00bb css=\u00a0\u00bb\u00a0\u00bb el_id=\u00a0\u00bb1464079076233-c069ad4b-2119&Prime;] Traveluxury.com \u2013 Votre passerelle vers une visibilit\u00e9 mondiale sur le march\u00e9 du voyage de luxe Depuis sa cr\u00e9ation en septembre 2000, Traveluxury.com s\u2019est impos\u00e9 comme une agence de voyage haut de gamme, d\u00e9di\u00e9e \u00e0 la qualit\u00e9 et \u00e0 l\u2019excellence. Gr\u00e2ce&#8230;<\/p>\n","protected":false},"author":2,"featured_media":0,"parent":0,"menu_order":0,"comment_status":"closed","ping_status":"closed","template":"","meta":{"_acf_changed":false,"_monsterinsights_skip_tracking":false,"_monsterinsights_sitenote_active":false,"_monsterinsights_sitenote_note":"","_monsterinsights_sitenote_category":0,"_uf_show_specific_survey":0,"_uf_disable_surveys":false,"footnotes":""},"class_list":["post-22834","page","type-page","status-publish","hentry"],"acf":[],"aioseo_notices":[],"yoast_head":"<!-- This site is optimized with the Yoast SEO plugin v25.9 - https:\/\/yoast.com\/wordpress\/plugins\/seo\/ -->\n<title>Foire \u00e0 questions | Traveluxury.com<\/title>\n<meta name=\"description\" content=\"Toutes les r\u00e9ponses \u00e0 vos questions \u00e0 propos du site Traveluxury.com\" \/>\n<meta name=\"robots\" content=\"index, follow, max-snippet:-1, max-image-preview:large, max-video-preview:-1\" \/>\n<link rel=\"canonical\" href=\"https:\/\/traveluxury.com\/fr\/foire-a-questions\" \/>\n<meta property=\"og:locale\" content=\"fr_FR\" \/>\n<meta property=\"og:type\" content=\"article\" \/>\n<meta property=\"og:title\" content=\"Foire \u00e0 questions | Traveluxury.com\" \/>\n<meta property=\"og:description\" content=\"Toutes les r\u00e9ponses \u00e0 vos questions \u00e0 propos du site Traveluxury.com\" \/>\n<meta property=\"og:url\" content=\"https:\/\/traveluxury.com\/fr\/foire-a-questions\" \/>\n<meta property=\"og:site_name\" content=\"Traveluxury.com\" \/>\n<meta property=\"article:publisher\" content=\"https:\/\/www.facebook.com\/traveluxurypage\" \/>\n<meta property=\"article:modified_time\" content=\"2025-10-16T08:33:16+00:00\" \/>\n<meta name=\"twitter:card\" content=\"summary_large_image\" \/>\n<meta name=\"twitter:site\" content=\"@traveluxurypage\" \/>\n<meta name=\"twitter:label1\" content=\"Dur\u00e9e de lecture estim\u00e9e\" \/>\n\t<meta name=\"twitter:data1\" content=\"1 minute\" \/>\n<script type=\"application\/ld+json\" class=\"yoast-schema-graph\">{\"@context\":\"https:\/\/schema.org\",\"@graph\":[{\"@type\":\"WebPage\",\"@id\":\"https:\/\/traveluxury.com\/fr\/foire-a-questions\",\"url\":\"https:\/\/traveluxury.com\/fr\/foire-a-questions\",\"name\":\"Foire \u00e0 questions | Traveluxury.com\",\"isPartOf\":{\"@id\":\"https:\/\/traveluxury.com\/#website\"},\"datePublished\":\"2018-08-04T13:55:01+00:00\",\"dateModified\":\"2025-10-16T08:33:16+00:00\",\"description\":\"Toutes les r\u00e9ponses \u00e0 vos questions \u00e0 propos du site Traveluxury.com\",\"breadcrumb\":{\"@id\":\"https:\/\/traveluxury.com\/fr\/foire-a-questions#breadcrumb\"},\"inLanguage\":\"fr-FR\",\"potentialAction\":[{\"@type\":\"ReadAction\",\"target\":[\"https:\/\/traveluxury.com\/fr\/foire-a-questions\"]}]},{\"@type\":\"BreadcrumbList\",\"@id\":\"https:\/\/traveluxury.com\/fr\/foire-a-questions#breadcrumb\",\"itemListElement\":[{\"@type\":\"ListItem\",\"position\":1,\"name\":\"Home\",\"item\":\"https:\/\/traveluxury.com\/fr\"},{\"@type\":\"ListItem\",\"position\":2,\"name\":\"Foire Aux Questions\"}]},{\"@type\":\"WebSite\",\"@id\":\"https:\/\/traveluxury.com\/#website\",\"url\":\"https:\/\/traveluxury.com\/\",\"name\":\"Traveluxury.com\",\"description\":\"H\u00f4tels exceptionnels \u00e0  desprix exceptionnels\",\"potentialAction\":[{\"@type\":\"SearchAction\",\"target\":{\"@type\":\"EntryPoint\",\"urlTemplate\":\"https:\/\/traveluxury.com\/?s={search_term_string}\"},\"query-input\":{\"@type\":\"PropertyValueSpecification\",\"valueRequired\":true,\"valueName\":\"search_term_string\"}}],\"inLanguage\":\"fr-FR\"}]}<\/script>\n<!-- \/ Yoast SEO plugin. -->","yoast_head_json":{"title":"Foire \u00e0 questions | Traveluxury.com","description":"Toutes les r\u00e9ponses \u00e0 vos questions \u00e0 propos du site Traveluxury.com","robots":{"index":"index","follow":"follow","max-snippet":"max-snippet:-1","max-image-preview":"max-image-preview:large","max-video-preview":"max-video-preview:-1"},"canonical":"https:\/\/traveluxury.com\/fr\/foire-a-questions","og_locale":"fr_FR","og_type":"article","og_title":"Foire \u00e0 questions | Traveluxury.com","og_description":"Toutes les r\u00e9ponses \u00e0 vos questions \u00e0 propos du site Traveluxury.com","og_url":"https:\/\/traveluxury.com\/fr\/foire-a-questions","og_site_name":"Traveluxury.com","article_publisher":"https:\/\/www.facebook.com\/traveluxurypage","article_modified_time":"2025-10-16T08:33:16+00:00","twitter_card":"summary_large_image","twitter_site":"@traveluxurypage","twitter_misc":{"Dur\u00e9e de lecture estim\u00e9e":"1 minute"},"schema":{"@context":"https:\/\/schema.org","@graph":[{"@type":"WebPage","@id":"https:\/\/traveluxury.com\/fr\/foire-a-questions","url":"https:\/\/traveluxury.com\/fr\/foire-a-questions","name":"Foire \u00e0 questions | Traveluxury.com","isPartOf":{"@id":"https:\/\/traveluxury.com\/#website"},"datePublished":"2018-08-04T13:55:01+00:00","dateModified":"2025-10-16T08:33:16+00:00","description":"Toutes les r\u00e9ponses \u00e0 vos questions \u00e0 propos du site Traveluxury.com","breadcrumb":{"@id":"https:\/\/traveluxury.com\/fr\/foire-a-questions#breadcrumb"},"inLanguage":"fr-FR","potentialAction":[{"@type":"ReadAction","target":["https:\/\/traveluxury.com\/fr\/foire-a-questions"]}]},{"@type":"BreadcrumbList","@id":"https:\/\/traveluxury.com\/fr\/foire-a-questions#breadcrumb","itemListElement":[{"@type":"ListItem","position":1,"name":"Home","item":"https:\/\/traveluxury.com\/fr"},{"@type":"ListItem","position":2,"name":"Foire Aux Questions"}]},{"@type":"WebSite","@id":"https:\/\/traveluxury.com\/#website","url":"https:\/\/traveluxury.com\/","name":"Traveluxury.com","description":"H\u00f4tels exceptionnels \u00e0  desprix exceptionnels","potentialAction":[{"@type":"SearchAction","target":{"@type":"EntryPoint","urlTemplate":"https:\/\/traveluxury.com\/?s={search_term_string}"},"query-input":{"@type":"PropertyValueSpecification","valueRequired":true,"valueName":"search_term_string"}}],"inLanguage":"fr-FR"}]}},"_links":{"self":[{"href":"https:\/\/traveluxury.com\/fr\/wp-json\/wp\/v2\/pages\/22834","targetHints":{"allow":["GET"]}}],"collection":[{"href":"https:\/\/traveluxury.com\/fr\/wp-json\/wp\/v2\/pages"}],"about":[{"href":"https:\/\/traveluxury.com\/fr\/wp-json\/wp\/v2\/types\/page"}],"author":[{"embeddable":true,"href":"https:\/\/traveluxury.com\/fr\/wp-json\/wp\/v2\/users\/2"}],"replies":[{"embeddable":true,"href":"https:\/\/traveluxury.com\/fr\/wp-json\/wp\/v2\/comments?post=22834"}],"version-history":[{"count":4,"href":"https:\/\/traveluxury.com\/fr\/wp-json\/wp\/v2\/pages\/22834\/revisions"}],"predecessor-version":[{"id":57579,"href":"https:\/\/traveluxury.com\/fr\/wp-json\/wp\/v2\/pages\/22834\/revisions\/57579"}],"wp:attachment":[{"href":"https:\/\/traveluxury.com\/fr\/wp-json\/wp\/v2\/media?parent=22834"}],"curies":[{"name":"wp","href":"https:\/\/api.w.org\/{rel}","templated":true}]}}