{"id":22816,"date":"2018-07-26T13:45:04","date_gmt":"2018-07-26T12:45:04","guid":{"rendered":"https:\/\/www.traveluxury.com\/register-copy"},"modified":"2025-08-25T14:32:09","modified_gmt":"2025-08-25T13:32:09","slug":"register","status":"publish","type":"page","link":"https:\/\/traveluxury.com\/fr\/register","title":{"rendered":"Registre"},"content":{"rendered":"<div class=\"wpb-content-wrapper\"><p>[vc_row][vc_column width=\u00a0\u00bb1\/6&Prime;][\/vc_column][vc_column width=\u00a0\u00bb4\/6&Prime;][vc_column_text css=\u00a0\u00bb.vc_custom_1532609560255{margin-top: -575px !important;padding-top: 35px !important;padding-right: 35px !important;padding-bottom: 35px !important;padding-left: 35px !important;background-color: rgba(168,168,168,0.55) !important;*background-color: rgb(168,168,168) !important;}\u00a0\u00bb][cjfm_form_register form_id=\u00a0\u00bb2&Prime; redirect_url=\u00a0\u00bbhttps:\/\/www.traveluxury.com\/fr\u00a0\u00bb button_text=\u00a0\u00bbJe cr\u00e9e mon compte\u00a0\u00bb][\/vc_column_text][\/vc_column][vc_column width=\u00a0\u00bb1\/6&Prime;][\/vc_column][\/vc_row]<\/p>\n<\/div>","protected":false},"excerpt":{"rendered":"<p>[vc_row][vc_column width=\u00a0\u00bb1\/6&Prime;][\/vc_column][vc_column width=\u00a0\u00bb4\/6&Prime;][vc_column_text css=\u00a0\u00bb.vc_custom_1532609560255{margin-top: -575px !important;padding-top: 35px !important;padding-right: 35px !important;padding-bottom: 35px !important;padding-left: 35px !important;background-color: rgba(168,168,168,0.55) !important;*background-color: rgb(168,168,168) !important;}\u00a0\u00bb][cjfm_form_register form_id=\u00a0\u00bb2&Prime; redirect_url=\u00a0\u00bbhttps:\/\/www.traveluxury.com\/fr\u00a0\u00bb button_text=\u00a0\u00bbJe cr\u00e9e mon compte\u00a0\u00bb][\/vc_column_text][\/vc_column][vc_column width=\u00a0\u00bb1\/6&Prime;][\/vc_column][\/vc_row]<\/p>\n","protected":false},"author":2,"featured_media":0,"parent":0,"menu_order":0,"comment_status":"closed","ping_status":"closed","template":"page_register.php","meta":{"_acf_changed":false,"_monsterinsights_skip_tracking":false,"_monsterinsights_sitenote_active":false,"_monsterinsights_sitenote_note":"","_monsterinsights_sitenote_category":0,"_uf_show_specific_survey":0,"_uf_disable_surveys":false,"footnotes":""},"class_list":["post-22816","page","type-page","status-publish","hentry"],"acf":[],"aioseo_notices":[],"yoast_head":"<!-- This site is optimized with the Yoast SEO plugin v25.9 - https:\/\/yoast.com\/wordpress\/plugins\/seo\/ -->\n<title>Cr\u00e9er un compte | H\u00f4tels et centres de vill\u00e9giature de luxe | Traveluxury<\/title>\n<meta name=\"description\" content=\"Inscrivez-vous sur Traveluxury.com pour obtenir les meilleures ventes aux ench\u00e8res d&#039;h\u00f4tels de luxe du monde entier.\" \/>\n<meta name=\"robots\" content=\"index, follow, max-snippet:-1, max-image-preview:large, max-video-preview:-1\" \/>\n<link rel=\"canonical\" href=\"https:\/\/traveluxury.com\/fr\/register\" \/>\n<meta property=\"og:locale\" content=\"fr_FR\" \/>\n<meta property=\"og:type\" content=\"article\" \/>\n<meta property=\"og:title\" content=\"Cr\u00e9er un compte | H\u00f4tels et centres de vill\u00e9giature de luxe | Traveluxury\" \/>\n<meta property=\"og:description\" content=\"Inscrivez-vous sur Traveluxury.com pour obtenir les meilleures ventes aux ench\u00e8res d&#039;h\u00f4tels de luxe du monde entier.\" \/>\n<meta property=\"og:url\" content=\"https:\/\/traveluxury.com\/fr\/register\" \/>\n<meta property=\"og:site_name\" content=\"Traveluxury.com\" \/>\n<meta property=\"article:publisher\" content=\"https:\/\/www.facebook.com\/traveluxurypage\" \/>\n<meta property=\"article:modified_time\" content=\"2025-08-25T13:32:09+00:00\" \/>\n<meta name=\"twitter:card\" content=\"summary_large_image\" \/>\n<meta name=\"twitter:site\" content=\"@traveluxurypage\" \/>\n<script type=\"application\/ld+json\" class=\"yoast-schema-graph\">{\"@context\":\"https:\/\/schema.org\",\"@graph\":[{\"@type\":\"WebPage\",\"@id\":\"https:\/\/traveluxury.com\/fr\/register\",\"url\":\"https:\/\/traveluxury.com\/fr\/register\",\"name\":\"Cr\u00e9er un compte | H\u00f4tels et centres de vill\u00e9giature de luxe | Traveluxury\",\"isPartOf\":{\"@id\":\"https:\/\/traveluxury.com\/#website\"},\"datePublished\":\"2018-07-26T12:45:04+00:00\",\"dateModified\":\"2025-08-25T13:32:09+00:00\",\"description\":\"Inscrivez-vous sur Traveluxury.com pour obtenir les meilleures ventes aux ench\u00e8res d'h\u00f4tels de luxe du monde entier.\",\"breadcrumb\":{\"@id\":\"https:\/\/traveluxury.com\/fr\/register#breadcrumb\"},\"inLanguage\":\"fr-FR\",\"potentialAction\":[{\"@type\":\"ReadAction\",\"target\":[\"https:\/\/traveluxury.com\/fr\/register\"]}]},{\"@type\":\"BreadcrumbList\",\"@id\":\"https:\/\/traveluxury.com\/fr\/register#breadcrumb\",\"itemListElement\":[{\"@type\":\"ListItem\",\"position\":1,\"name\":\"Home\",\"item\":\"https:\/\/traveluxury.com\/fr\"},{\"@type\":\"ListItem\",\"position\":2,\"name\":\"Registre\"}]},{\"@type\":\"WebSite\",\"@id\":\"https:\/\/traveluxury.com\/#website\",\"url\":\"https:\/\/traveluxury.com\/\",\"name\":\"Traveluxury.com\",\"description\":\"H\u00f4tels exceptionnels \u00e0  desprix exceptionnels\",\"potentialAction\":[{\"@type\":\"SearchAction\",\"target\":{\"@type\":\"EntryPoint\",\"urlTemplate\":\"https:\/\/traveluxury.com\/?s={search_term_string}\"},\"query-input\":{\"@type\":\"PropertyValueSpecification\",\"valueRequired\":true,\"valueName\":\"search_term_string\"}}],\"inLanguage\":\"fr-FR\"}]}<\/script>\n<!-- \/ Yoast SEO plugin. -->","yoast_head_json":{"title":"Cr\u00e9er un compte | H\u00f4tels et centres de vill\u00e9giature de luxe | Traveluxury","description":"Inscrivez-vous sur Traveluxury.com pour obtenir les meilleures ventes aux ench\u00e8res d'h\u00f4tels de luxe du monde entier.","robots":{"index":"index","follow":"follow","max-snippet":"max-snippet:-1","max-image-preview":"max-image-preview:large","max-video-preview":"max-video-preview:-1"},"canonical":"https:\/\/traveluxury.com\/fr\/register","og_locale":"fr_FR","og_type":"article","og_title":"Cr\u00e9er un compte | H\u00f4tels et centres de vill\u00e9giature de luxe | Traveluxury","og_description":"Inscrivez-vous sur Traveluxury.com pour obtenir les meilleures ventes aux ench\u00e8res d'h\u00f4tels de luxe du monde entier.","og_url":"https:\/\/traveluxury.com\/fr\/register","og_site_name":"Traveluxury.com","article_publisher":"https:\/\/www.facebook.com\/traveluxurypage","article_modified_time":"2025-08-25T13:32:09+00:00","twitter_card":"summary_large_image","twitter_site":"@traveluxurypage","schema":{"@context":"https:\/\/schema.org","@graph":[{"@type":"WebPage","@id":"https:\/\/traveluxury.com\/fr\/register","url":"https:\/\/traveluxury.com\/fr\/register","name":"Cr\u00e9er un compte | H\u00f4tels et centres de vill\u00e9giature de luxe | Traveluxury","isPartOf":{"@id":"https:\/\/traveluxury.com\/#website"},"datePublished":"2018-07-26T12:45:04+00:00","dateModified":"2025-08-25T13:32:09+00:00","description":"Inscrivez-vous sur Traveluxury.com pour obtenir les meilleures ventes aux ench\u00e8res d'h\u00f4tels de luxe du monde entier.","breadcrumb":{"@id":"https:\/\/traveluxury.com\/fr\/register#breadcrumb"},"inLanguage":"fr-FR","potentialAction":[{"@type":"ReadAction","target":["https:\/\/traveluxury.com\/fr\/register"]}]},{"@type":"BreadcrumbList","@id":"https:\/\/traveluxury.com\/fr\/register#breadcrumb","itemListElement":[{"@type":"ListItem","position":1,"name":"Home","item":"https:\/\/traveluxury.com\/fr"},{"@type":"ListItem","position":2,"name":"Registre"}]},{"@type":"WebSite","@id":"https:\/\/traveluxury.com\/#website","url":"https:\/\/traveluxury.com\/","name":"Traveluxury.com","description":"H\u00f4tels exceptionnels \u00e0  desprix exceptionnels","potentialAction":[{"@type":"SearchAction","target":{"@type":"EntryPoint","urlTemplate":"https:\/\/traveluxury.com\/?s={search_term_string}"},"query-input":{"@type":"PropertyValueSpecification","valueRequired":true,"valueName":"search_term_string"}}],"inLanguage":"fr-FR"}]}},"_links":{"self":[{"href":"https:\/\/traveluxury.com\/fr\/wp-json\/wp\/v2\/pages\/22816","targetHints":{"allow":["GET"]}}],"collection":[{"href":"https:\/\/traveluxury.com\/fr\/wp-json\/wp\/v2\/pages"}],"about":[{"href":"https:\/\/traveluxury.com\/fr\/wp-json\/wp\/v2\/types\/page"}],"author":[{"embeddable":true,"href":"https:\/\/traveluxury.com\/fr\/wp-json\/wp\/v2\/users\/2"}],"replies":[{"embeddable":true,"href":"https:\/\/traveluxury.com\/fr\/wp-json\/wp\/v2\/comments?post=22816"}],"version-history":[{"count":1,"href":"https:\/\/traveluxury.com\/fr\/wp-json\/wp\/v2\/pages\/22816\/revisions"}],"predecessor-version":[{"id":52116,"href":"https:\/\/traveluxury.com\/fr\/wp-json\/wp\/v2\/pages\/22816\/revisions\/52116"}],"wp:attachment":[{"href":"https:\/\/traveluxury.com\/fr\/wp-json\/wp\/v2\/media?parent=22816"}],"curies":[{"name":"wp","href":"https:\/\/api.w.org\/{rel}","templated":true}]}}