{"id":22306,"date":"2018-07-12T21:33:33","date_gmt":"2018-07-12T20:33:33","guid":{"rendered":"https:\/\/www.traveluxury.com\/home-copy"},"modified":"2026-02-18T15:04:18","modified_gmt":"2026-02-18T14:04:18","slug":"home","status":"publish","type":"page","link":"https:\/\/traveluxury.com\/fr","title":{"rendered":"Domicile"},"content":{"rendered":"<div class=\"wpb-content-wrapper\"><p>[vc_row content_placement=\u00a0\u00bbmiddle\u00a0\u00bb disable_element=\u00a0\u00bbyes\u00a0\u00bb css=\u00a0\u00bb.vc_custom_1542134008290{margin-top: 20% !important;}\u00a0\u00bb][vc_column offset=\u00a0\u00bbvc_hidden-lg vc_hidden-md vc_hidden-sm\u00a0\u00bb css=\u00a0\u00bb.vc_custom_1533126611045{margin-top: 50px !important;margin-bottom: -25px !important;}\u00a0\u00bb]\n\t\t\t<!-- START home REVOLUTION SLIDER 6.7.37 --><p class=\"rs-p-wp-fix\"><\/p>\n\t\t\t<rs-module-wrap id=\"rev_slider_1_1_wrapper\" data-source=\"gallery\" style=\"visibility:hidden;background:transparent;padding:0;margin:0px auto;margin-top:0;margin-bottom:0;\">\n\t\t\t\t<rs-module id=\"rev_slider_1_1\" style=\"\" data-version=\"6.7.37\">\n\t\t\t\t\t<rs-slides style=\"overflow: hidden; position: absolute;\">\n\t\t\t\t\t\t<rs-slide style=\"position: absolute;\" data-key=\"rs-97\" data-title=\"Slide\" data-anim=\"adpr:false;\">\n\t\t\t\t\t\t\t<img decoding=\"async\" src=\"\/\/traveluxury.com\/wp-content\/plugins\/revslider\/sr6\/assets\/assets\/dummy.png\" alt=\"\" title=\"Domicile\" class=\"rev-slidebg tp-rs-img rs-lazyload\" data-lazyload=\"\/\/traveluxury.com\/wp-content\/uploads\/2020\/02\/header-img.jpg\" data-no-retina>\n<!--\n\t\t\t\t\t\t\t--><rs-layer\n\t\t\t\t\t\t\t\tid=\"slider-1-slide-97-layer-1\" \n\t\t\t\t\t\t\t\tclass=\"tp-shape tp-shapewrapper\"\n\t\t\t\t\t\t\t\tdata-type=\"shape\"\n\t\t\t\t\t\t\t\tdata-rsp_ch=\"on\"\n\t\t\t\t\t\t\t\tdata-xy=\"x:c;y:m;\"\n\t\t\t\t\t\t\t\tdata-text=\"a:inherit;\"\n\t\t\t\t\t\t\t\tdata-dim=\"w:850px;h:70px;\"\n\t\t\t\t\t\t\t\tdata-vbility=\"t,f,f,f\"\n\t\t\t\t\t\t\t\tdata-frame_0=\"tp:600;\"\n\t\t\t\t\t\t\t\tdata-frame_1=\"tp:600;st:0;\"\n\t\t\t\t\t\t\t\tdata-frame_999=\"o:0;tp:600;st:w;sR:4700;\"\n\t\t\t\t\t\t\t\tstyle=\"z-index:5;background-color:rgba(63,122,119,0.48);\"\n\t\t\t\t\t\t\t> \n\t\t\t\t\t\t\t<\/rs-layer><!--\n\n\t\t\t\t\t\t\t--><rs-layer\n\t\t\t\t\t\t\t\tid=\"slider-1-slide-97-layer-2\" \n\t\t\t\t\t\t\t\tdata-type=\"text\"\n\t\t\t\t\t\t\t\tdata-rsp_ch=\"on\"\n\t\t\t\t\t\t\t\tdata-xy=\"x:c;y:m;\"\n\t\t\t\t\t\t\t\tdata-text=\"s:32;l:22;a:inherit;\"\n\t\t\t\t\t\t\t\tdata-vbility=\"t,f,f,f\"\n\t\t\t\t\t\t\t\tdata-frame_0=\"tp:600;\"\n\t\t\t\t\t\t\t\tdata-frame_1=\"tp:600;st:0;\"\n\t\t\t\t\t\t\t\tdata-frame_999=\"o:0;tp:600;st:w;sR:4700;\"\n\t\t\t\t\t\t\t\tstyle=\"z-index:6;font-family:'Open Sans';\"\n\t\t\t\t\t\t\t>Exceptional hotels at exceptional prices\n \n\t\t\t\t\t\t\t<\/rs-layer><!--\n\n\t\t\t\t\t\t\t--><rs-layer\n\t\t\t\t\t\t\t\tid=\"slider-1-slide-97-layer-3\" \n\t\t\t\t\t\t\t\tdata-type=\"image\"\n\t\t\t\t\t\t\t\tdata-rsp_ch=\"on\"\n\t\t\t\t\t\t\t\tdata-xy=\"x:c;y:m;\"\n\t\t\t\t\t\t\t\tdata-text=\"l:22;a:inherit;\"\n\t\t\t\t\t\t\t\tdata-dim=\"w:912px,769px,615px,386px;h:91px,77px,62px,39px;\"\n\t\t\t\t\t\t\t\tdata-vbility=\"f,t,t,t\"\n\t\t\t\t\t\t\t\tdata-frame_0=\"tp:600;\"\n\t\t\t\t\t\t\t\tdata-frame_1=\"tp:600;st:0;\"\n\t\t\t\t\t\t\t\tdata-frame_999=\"o:0;tp:600;st:w;sR:4700;\"\n\t\t\t\t\t\t\t\tstyle=\"z-index:7;\"\n\t\t\t\t\t\t\t><img decoding=\"async\" src=\"\/\/traveluxury.com\/wp-content\/plugins\/revslider\/sr6\/assets\/assets\/dummy.png\" alt=\"\" class=\"tp-rs-img rs-lazyload\" data-lazyload=\"\/\/www.traveluxury.com\/wp-content\/uploads\/2020\/02\/traveluxury-logo.png\" data-no-retina> \n\t\t\t\t\t\t\t<\/rs-layer><!--\n-->\t\t\t\t\t<\/rs-slide>\n\t\t\t\t\t<\/rs-slides>\n\t\t\t\t<\/rs-module>\n\t\t\t\t<script>\n\t\t\t\t\tsetREVStartSize({c: 'rev_slider_1_1',rl:[1240,1024,778,480],el:[],gw:[1240,960,767,480],gh:[868,768,960,720],type:'standard',justify:'',layout:'fullwidth',mh:\"0\"});if (window.RS_MODULES!==undefined && window.RS_MODULES.modules!==undefined && window.RS_MODULES.modules[\"revslider11\"]!==undefined) {window.RS_MODULES.modules[\"revslider11\"].once = false;window.revapi1 = undefined;if (window.RS_MODULES.checkMinimal!==undefined) window.RS_MODULES.checkMinimal()}\n\t\t\t\t<\/script>\n\t\t\t<\/rs-module-wrap>\n\t\t\t<!-- END REVOLUTION SLIDER -->\n[vc_column_text css_animation=\u00a0\u00bbnone\u00a0\u00bb]<\/p>\n<h1 style=\"text-align: center;\">Des h\u00f4tels d\u2019exception \u00e0 des prix exceptionnels<\/h1>\n<p>[\/vc_column_text][\/vc_column][\/vc_row][vc_row][vc_column][vc_column_text css_animation=\u00a0\u00bbnone\u00a0\u00bb css=\u00a0\u00bb.vc_custom_1771423451866{margin-bottom: 0px !important;}\u00a0\u00bb]<\/p>\n<div class=\"about-section\">\n<p>Depuis plus de 20 ans, St\u00e9phane Fruitier, fondateur de Traveluxury.com, partage son expertise et son amour du voyage pour vous proposer des voyages d\u2019exception \u00e0 des prix tout aussi exceptionnels.<\/p>\n<p class=\"mobile-read-more\"><span class=\"arrow-link\">LIRE LA SUITE<\/span><\/p>\n<\/div>\n<p>[\/vc_column_text][\/vc_column][\/vc_row][vc_row css=\u00a0\u00bb.vc_custom_1582185812829{margin-top: 0px !important;}\u00a0\u00bb el_class=\u00a0\u00bbmobile-hide\u00a0\u00bb][vc_column][vc_column_text css_animation=\u00a0\u00bbnone\u00a0\u00bb css=\u00a0\u00bb\u00a0\u00bb]<\/p>\n<div class=\"about-section\">\n<p style=\"text-align: justify;\">Apr\u00e8s avoir sillonn\u00e9 les cinq continents pour d\u00e9nicher les plus beaux h\u00f4tels dans les plus belles destinations \u2013 plus de 100 pays et 450 villes visit\u00e9es et plus de 1000 h\u00f4tels r\u00e9guli\u00e8rement contr\u00f4l\u00e9s \u2013 Traveluxury.com continue de s\u00e9lectionner pour vous les meilleurs h\u00f4tels du monde. Arm\u00e9 de cette profondeur et de cette richesse d\u2019exp\u00e9rience, St\u00e9phane n\u00e9gocie ensuite pour vous les meilleurs prix, mettant ainsi \u00e0 votre disposition une exp\u00e9rience de voyage unique qui vivra avec vous pour toujours.<\/p>\n<p style=\"text-align: justify;\">Qu\u2019il s\u2019agisse du confort d\u2019un chalet de luxe nich\u00e9 au c\u0153ur des Alpes suisses, d\u2019une \u00eele priv\u00e9e cach\u00e9e au milieu des Cara\u00efbes ou m\u00eame d\u2019un palace moderne et extravagant \u00e0 Duba\u00ef, St\u00e9phane et son \u00e9quipe font en sorte que vos r\u00eaves les plus fous deviennent r\u00e9alit\u00e9.<\/p>\n<p style=\"text-align: justify;\">Faire l\u2019exp\u00e9rience du voyage avec Traveluxury, c\u2019est aussi b\u00e9n\u00e9ficier d\u2019avantages \u00e0 valeur ajout\u00e9e exceptionnels et de prix exclusifs uniquement pour les membres avec des offres exceptionnelles sur une s\u00e9lection de services de conciergerie priv\u00e9e allant des limousines et jets priv\u00e9s aux r\u00e9servations de restaurants et aux aventures locales exclusives.<\/p>\n<p style=\"text-align: justify;\">Alors d\u00e9p\u00eachez-vous de nous rejoindre \u00e0 Traveluxury.com afin que vous puissiez vous aussi d\u00e9couvrir des \u00ab h\u00f4tels exceptionnels \u00e0 des prix exceptionnels \u00bb.<\/p>\n<p style=\"text-align: justify;\"><strong>Stephane Fruitier<\/strong><br \/>\nPDG<\/p>\n<\/div>\n<p>[\/vc_column_text][\/vc_column][\/vc_row][vc_row][vc_column][\/vc_column][\/vc_row]<\/p>\n<\/div>","protected":false},"excerpt":{"rendered":"<p>[vc_row content_placement=\u00a0\u00bbmiddle\u00a0\u00bb disable_element=\u00a0\u00bbyes\u00a0\u00bb css=\u00a0\u00bb.vc_custom_1542134008290{margin-top: 20% !important;}\u00a0\u00bb][vc_column offset=\u00a0\u00bbvc_hidden-lg vc_hidden-md vc_hidden-sm\u00a0\u00bb css=\u00a0\u00bb.vc_custom_1533126611045{margin-top: 50px !important;margin-bottom: -25px !important;}\u00a0\u00bb][vc_column_text css_animation=\u00a0\u00bbnone\u00a0\u00bb] Des h\u00f4tels d\u2019exception \u00e0 des prix exceptionnels [\/vc_column_text][\/vc_column][\/vc_row][vc_row][vc_column][vc_column_text css_animation=\u00a0\u00bbnone\u00a0\u00bb css=\u00a0\u00bb.vc_custom_1771423451866{margin-bottom: 0px !important;}\u00a0\u00bb] Depuis plus de 20 ans, St\u00e9phane Fruitier, fondateur de Traveluxury.com, partage son expertise et son amour du voyage pour&#8230;<\/p>\n","protected":false},"author":2,"featured_media":0,"parent":0,"menu_order":0,"comment_status":"closed","ping_status":"closed","template":"","meta":{"_acf_changed":false,"_monsterinsights_skip_tracking":false,"_monsterinsights_sitenote_active":false,"_monsterinsights_sitenote_note":"","_monsterinsights_sitenote_category":0,"_uf_show_specific_survey":0,"_uf_disable_surveys":false,"footnotes":""},"class_list":["post-22306","page","type-page","status-publish","hentry"],"acf":[],"aioseo_notices":[],"yoast_head":"<!-- This site is optimized with the Yoast SEO plugin v25.9 - https:\/\/yoast.com\/wordpress\/plugins\/seo\/ -->\n<title>Traveluxury.com : des h\u00f4tels d\u2019exception \u00e0 des prix exceptionnels<\/title>\n<meta name=\"description\" content=\"Traveluxury.com fournit une base de donn\u00e9es consultable d\u2019h\u00f4tels de luxe dans le monde entier, ainsi que des offres sp\u00e9ciales, des ventes aux ench\u00e8res et des informations suppl\u00e9mentaires pour les voyageurs.\" \/>\n<meta name=\"robots\" content=\"index, follow, max-snippet:-1, max-image-preview:large, max-video-preview:-1\" \/>\n<link rel=\"canonical\" href=\"https:\/\/traveluxury.com\/fr\" \/>\n<meta property=\"og:locale\" content=\"fr_FR\" \/>\n<meta property=\"og:type\" content=\"article\" \/>\n<meta property=\"og:title\" content=\"Les r\u00eaves ne deviennent r\u00e9alit\u00e9 qu\u2019\u00e0 Traveluxury.com\" \/>\n<meta property=\"og:description\" content=\"Traveluxury.com fournit une base de donn\u00e9es consultable d\u2019h\u00f4tels de luxe dans le monde entier, ainsi que des offres sp\u00e9ciales, des ventes aux ench\u00e8res et des informations suppl\u00e9mentaires pour les voyageurs.\" \/>\n<meta property=\"og:url\" content=\"https:\/\/traveluxury.com\/fr\" \/>\n<meta property=\"og:site_name\" content=\"Traveluxury.com\" \/>\n<meta property=\"article:publisher\" content=\"https:\/\/www.facebook.com\/traveluxurypage\" \/>\n<meta property=\"article:modified_time\" content=\"2026-02-18T14:04:18+00:00\" \/>\n<meta name=\"twitter:card\" content=\"summary_large_image\" \/>\n<meta name=\"twitter:site\" content=\"@traveluxurypage\" \/>\n<meta name=\"twitter:label1\" content=\"Dur\u00e9e de lecture estim\u00e9e\" \/>\n\t<meta name=\"twitter:data1\" content=\"2 minutes\" \/>\n<script type=\"application\/ld+json\" class=\"yoast-schema-graph\">{\"@context\":\"https:\/\/schema.org\",\"@graph\":[{\"@type\":\"WebPage\",\"@id\":\"https:\/\/traveluxury.com\/fr\",\"url\":\"https:\/\/traveluxury.com\/fr\",\"name\":\"Traveluxury.com : des h\u00f4tels d\u2019exception \u00e0 des prix exceptionnels\",\"isPartOf\":{\"@id\":\"https:\/\/traveluxury.com\/#website\"},\"datePublished\":\"2018-07-12T20:33:33+00:00\",\"dateModified\":\"2026-02-18T14:04:18+00:00\",\"description\":\"Traveluxury.com fournit une base de donn\u00e9es consultable d\u2019h\u00f4tels de luxe dans le monde entier, ainsi que des offres sp\u00e9ciales, des ventes aux ench\u00e8res et des informations suppl\u00e9mentaires pour les voyageurs.\",\"breadcrumb\":{\"@id\":\"https:\/\/traveluxury.com\/fr#breadcrumb\"},\"inLanguage\":\"fr-FR\",\"potentialAction\":[{\"@type\":\"ReadAction\",\"target\":[\"https:\/\/traveluxury.com\/fr\"]}]},{\"@type\":\"BreadcrumbList\",\"@id\":\"https:\/\/traveluxury.com\/fr#breadcrumb\",\"itemListElement\":[{\"@type\":\"ListItem\",\"position\":1,\"name\":\"Home\",\"item\":\"https:\/\/traveluxury.com\/fr\"},{\"@type\":\"ListItem\",\"position\":2,\"name\":\"Domicile\"}]},{\"@type\":\"WebSite\",\"@id\":\"https:\/\/traveluxury.com\/#website\",\"url\":\"https:\/\/traveluxury.com\/\",\"name\":\"Traveluxury.com\",\"description\":\"H\u00f4tels exceptionnels \u00e0  desprix exceptionnels\",\"potentialAction\":[{\"@type\":\"SearchAction\",\"target\":{\"@type\":\"EntryPoint\",\"urlTemplate\":\"https:\/\/traveluxury.com\/?s={search_term_string}\"},\"query-input\":{\"@type\":\"PropertyValueSpecification\",\"valueRequired\":true,\"valueName\":\"search_term_string\"}}],\"inLanguage\":\"fr-FR\"}]}<\/script>\n<!-- \/ Yoast SEO plugin. -->","yoast_head_json":{"title":"Traveluxury.com : des h\u00f4tels d\u2019exception \u00e0 des prix exceptionnels","description":"Traveluxury.com fournit une base de donn\u00e9es consultable d\u2019h\u00f4tels de luxe dans le monde entier, ainsi que des offres sp\u00e9ciales, des ventes aux ench\u00e8res et des informations suppl\u00e9mentaires pour les voyageurs.","robots":{"index":"index","follow":"follow","max-snippet":"max-snippet:-1","max-image-preview":"max-image-preview:large","max-video-preview":"max-video-preview:-1"},"canonical":"https:\/\/traveluxury.com\/fr","og_locale":"fr_FR","og_type":"article","og_title":"Les r\u00eaves ne deviennent r\u00e9alit\u00e9 qu\u2019\u00e0 Traveluxury.com","og_description":"Traveluxury.com fournit une base de donn\u00e9es consultable d\u2019h\u00f4tels de luxe dans le monde entier, ainsi que des offres sp\u00e9ciales, des ventes aux ench\u00e8res et des informations suppl\u00e9mentaires pour les voyageurs.","og_url":"https:\/\/traveluxury.com\/fr","og_site_name":"Traveluxury.com","article_publisher":"https:\/\/www.facebook.com\/traveluxurypage","article_modified_time":"2026-02-18T14:04:18+00:00","twitter_card":"summary_large_image","twitter_site":"@traveluxurypage","twitter_misc":{"Dur\u00e9e de lecture estim\u00e9e":"2 minutes"},"schema":{"@context":"https:\/\/schema.org","@graph":[{"@type":"WebPage","@id":"https:\/\/traveluxury.com\/fr","url":"https:\/\/traveluxury.com\/fr","name":"Traveluxury.com : des h\u00f4tels d\u2019exception \u00e0 des prix exceptionnels","isPartOf":{"@id":"https:\/\/traveluxury.com\/#website"},"datePublished":"2018-07-12T20:33:33+00:00","dateModified":"2026-02-18T14:04:18+00:00","description":"Traveluxury.com fournit une base de donn\u00e9es consultable d\u2019h\u00f4tels de luxe dans le monde entier, ainsi que des offres sp\u00e9ciales, des ventes aux ench\u00e8res et des informations suppl\u00e9mentaires pour les voyageurs.","breadcrumb":{"@id":"https:\/\/traveluxury.com\/fr#breadcrumb"},"inLanguage":"fr-FR","potentialAction":[{"@type":"ReadAction","target":["https:\/\/traveluxury.com\/fr"]}]},{"@type":"BreadcrumbList","@id":"https:\/\/traveluxury.com\/fr#breadcrumb","itemListElement":[{"@type":"ListItem","position":1,"name":"Home","item":"https:\/\/traveluxury.com\/fr"},{"@type":"ListItem","position":2,"name":"Domicile"}]},{"@type":"WebSite","@id":"https:\/\/traveluxury.com\/#website","url":"https:\/\/traveluxury.com\/","name":"Traveluxury.com","description":"H\u00f4tels exceptionnels \u00e0  desprix exceptionnels","potentialAction":[{"@type":"SearchAction","target":{"@type":"EntryPoint","urlTemplate":"https:\/\/traveluxury.com\/?s={search_term_string}"},"query-input":{"@type":"PropertyValueSpecification","valueRequired":true,"valueName":"search_term_string"}}],"inLanguage":"fr-FR"}]}},"_links":{"self":[{"href":"https:\/\/traveluxury.com\/fr\/wp-json\/wp\/v2\/pages\/22306","targetHints":{"allow":["GET"]}}],"collection":[{"href":"https:\/\/traveluxury.com\/fr\/wp-json\/wp\/v2\/pages"}],"about":[{"href":"https:\/\/traveluxury.com\/fr\/wp-json\/wp\/v2\/types\/page"}],"author":[{"embeddable":true,"href":"https:\/\/traveluxury.com\/fr\/wp-json\/wp\/v2\/users\/2"}],"replies":[{"embeddable":true,"href":"https:\/\/traveluxury.com\/fr\/wp-json\/wp\/v2\/comments?post=22306"}],"version-history":[{"count":21,"href":"https:\/\/traveluxury.com\/fr\/wp-json\/wp\/v2\/pages\/22306\/revisions"}],"predecessor-version":[{"id":64588,"href":"https:\/\/traveluxury.com\/fr\/wp-json\/wp\/v2\/pages\/22306\/revisions\/64588"}],"wp:attachment":[{"href":"https:\/\/traveluxury.com\/fr\/wp-json\/wp\/v2\/media?parent=22306"}],"curies":[{"name":"wp","href":"https:\/\/api.w.org\/{rel}","templated":true}]}}