{"id":52123,"date":"2025-08-25T14:32:13","date_gmt":"2025-08-25T13:32:13","guid":{"rendered":"https:\/\/traveluxury.com\/faq"},"modified":"2025-10-16T09:34:06","modified_gmt":"2025-10-16T08:34:06","slug":"faq","status":"publish","type":"page","link":"https:\/\/traveluxury.com\/es\/faq","title":{"rendered":"Preguntas m\u00e1s frecuentes"},"content":{"rendered":"<div class=\"wpb-content-wrapper\"><p>[vc_row][vc_column][vc_toggle title=\u00bb\u00bfQu\u00e9 es Traveluxury.com?\u00bb css=\u00bb\u00bb el_id=\u00bb1464079076233-c069ad4b-2119&#8243;]<strong>Traveluxury.com \u2013 Su puerta de entrada a la exposici\u00f3n global en el mercado de viajes de lujo<\/strong><\/p>\n<p>Desde su fundaci\u00f3n en septiembre de 2000, <strong>Traveluxury.com<\/strong> se ha posicionado como una agencia de viajes premium dedicada a la calidad y la excelencia.<\/p>\n<p>Gracias a nuestras asociaciones exclusivas con hoteles de 5 estrellas de primer nivel, tanto boutique como de renombre internacional, podemos ofrecer experiencias de viaje de alta gama a precios altamente competitivos y este enfoque \u00fanico nos ha ganado una clientela leal y diversa.<\/p>\n<p>Estamos orgullosos de presentar una colecci\u00f3n seleccionada de solo <strong>200 hoteles de lujo cuidadosamente seleccionados en todos los continentes<\/strong>, lo que garantiza la m\u00e1xima visibilidad para nuestros socios sin sobresaturaci\u00f3n. Al unirse a Traveluxury.com, su propiedad ganar\u00e1<\/p>\n<p>En <strong>Traveluxury.com<\/strong>, no solo promovemos los viajes, \u00a1definimos <strong>viajes y lujo<\/strong>![\/vc_toggle][\/vc_column][\/vc_row][vc_row][vc_column][\/vc_column][vc_column][\/vc_column][\/vc_row]<\/p>\n<\/div>","protected":false},"excerpt":{"rendered":"<p>[vc_row][vc_column][vc_toggle title=\u00bb\u00bfQu\u00e9 es Traveluxury.com?\u00bb css=\u00bb\u00bb el_id=\u00bb1464079076233-c069ad4b-2119&#8243;]Traveluxury.com \u2013 Su puerta de entrada a la exposici\u00f3n global en el mercado de viajes de lujo Desde su fundaci\u00f3n en septiembre de 2000, Traveluxury.com se ha posicionado como una agencia de viajes premium dedicada a la calidad y la excelencia&#8230;.<\/p>\n","protected":false},"author":2,"featured_media":0,"parent":0,"menu_order":0,"comment_status":"closed","ping_status":"closed","template":"","meta":{"_acf_changed":false,"_monsterinsights_skip_tracking":false,"_monsterinsights_sitenote_active":false,"_monsterinsights_sitenote_note":"","_monsterinsights_sitenote_category":0,"_uf_show_specific_survey":0,"_uf_disable_surveys":false,"footnotes":""},"class_list":["post-52123","page","type-page","status-publish","hentry"],"acf":[],"aioseo_notices":[],"yoast_head":"<!-- This site is optimized with the Yoast SEO plugin v25.9 - https:\/\/yoast.com\/wordpress\/plugins\/seo\/ -->\n<title>Preguntas frecuentes sobre viajes y alojamiento | Traveluxury.com<\/title>\n<meta name=\"robots\" content=\"index, follow, max-snippet:-1, max-image-preview:large, max-video-preview:-1\" \/>\n<link rel=\"canonical\" href=\"https:\/\/traveluxury.com\/es\/faq\" \/>\n<meta property=\"og:locale\" content=\"es_ES\" \/>\n<meta property=\"og:type\" content=\"article\" \/>\n<meta property=\"og:title\" content=\"Preguntas frecuentes sobre viajes y alojamiento | Traveluxury.com\" \/>\n<meta property=\"og:description\" content=\"[vc_row][vc_column][vc_toggle title=\u00bb\u00bfQu\u00e9 es Traveluxury.com?\u00bb css=\u00bb\u00bb el_id=\u00bb1464079076233-c069ad4b-2119&#8243;]Traveluxury.com \u2013 Su puerta de entrada a la exposici\u00f3n global en el mercado de viajes de lujo Desde su fundaci\u00f3n en septiembre de 2000, Traveluxury.com se ha posicionado como una agencia de viajes premium dedicada a la calidad y la excelencia....\" \/>\n<meta property=\"og:url\" content=\"https:\/\/traveluxury.com\/es\/faq\" \/>\n<meta property=\"og:site_name\" content=\"Traveluxury.com\" \/>\n<meta property=\"article:publisher\" content=\"https:\/\/www.facebook.com\/traveluxurypage\" \/>\n<meta property=\"article:modified_time\" content=\"2025-10-16T08:34:06+00:00\" \/>\n<meta name=\"twitter:card\" content=\"summary_large_image\" \/>\n<meta name=\"twitter:site\" content=\"@traveluxurypage\" \/>\n<meta name=\"twitter:label1\" content=\"Tiempo de lectura\" \/>\n\t<meta name=\"twitter:data1\" content=\"1 minuto\" \/>\n<script type=\"application\/ld+json\" class=\"yoast-schema-graph\">{\"@context\":\"https:\/\/schema.org\",\"@graph\":[{\"@type\":\"WebPage\",\"@id\":\"https:\/\/traveluxury.com\/es\/faq\",\"url\":\"https:\/\/traveluxury.com\/es\/faq\",\"name\":\"Preguntas frecuentes sobre viajes y alojamiento | Traveluxury.com\",\"isPartOf\":{\"@id\":\"https:\/\/traveluxury.com\/#website\"},\"datePublished\":\"2025-08-25T13:32:13+00:00\",\"dateModified\":\"2025-10-16T08:34:06+00:00\",\"breadcrumb\":{\"@id\":\"https:\/\/traveluxury.com\/es\/faq#breadcrumb\"},\"inLanguage\":\"es\",\"potentialAction\":[{\"@type\":\"ReadAction\",\"target\":[\"https:\/\/traveluxury.com\/es\/faq\"]}]},{\"@type\":\"BreadcrumbList\",\"@id\":\"https:\/\/traveluxury.com\/es\/faq#breadcrumb\",\"itemListElement\":[{\"@type\":\"ListItem\",\"position\":1,\"name\":\"Home\",\"item\":\"https:\/\/traveluxury.com\/es\"},{\"@type\":\"ListItem\",\"position\":2,\"name\":\"Preguntas m\u00e1s frecuentes\"}]},{\"@type\":\"WebSite\",\"@id\":\"https:\/\/traveluxury.com\/#website\",\"url\":\"https:\/\/traveluxury.com\/\",\"name\":\"Traveluxury.com\",\"description\":\"Exceptional hotels at exceptional prices\",\"potentialAction\":[{\"@type\":\"SearchAction\",\"target\":{\"@type\":\"EntryPoint\",\"urlTemplate\":\"https:\/\/traveluxury.com\/?s={search_term_string}\"},\"query-input\":{\"@type\":\"PropertyValueSpecification\",\"valueRequired\":true,\"valueName\":\"search_term_string\"}}],\"inLanguage\":\"es\"}]}<\/script>\n<!-- \/ Yoast SEO plugin. -->","yoast_head_json":{"title":"Preguntas frecuentes sobre viajes y alojamiento | Traveluxury.com","robots":{"index":"index","follow":"follow","max-snippet":"max-snippet:-1","max-image-preview":"max-image-preview:large","max-video-preview":"max-video-preview:-1"},"canonical":"https:\/\/traveluxury.com\/es\/faq","og_locale":"es_ES","og_type":"article","og_title":"Preguntas frecuentes sobre viajes y alojamiento | Traveluxury.com","og_description":"[vc_row][vc_column][vc_toggle title=\u00bb\u00bfQu\u00e9 es Traveluxury.com?\u00bb css=\u00bb\u00bb el_id=\u00bb1464079076233-c069ad4b-2119&#8243;]Traveluxury.com \u2013 Su puerta de entrada a la exposici\u00f3n global en el mercado de viajes de lujo Desde su fundaci\u00f3n en septiembre de 2000, Traveluxury.com se ha posicionado como una agencia de viajes premium dedicada a la calidad y la excelencia....","og_url":"https:\/\/traveluxury.com\/es\/faq","og_site_name":"Traveluxury.com","article_publisher":"https:\/\/www.facebook.com\/traveluxurypage","article_modified_time":"2025-10-16T08:34:06+00:00","twitter_card":"summary_large_image","twitter_site":"@traveluxurypage","twitter_misc":{"Tiempo de lectura":"1 minuto"},"schema":{"@context":"https:\/\/schema.org","@graph":[{"@type":"WebPage","@id":"https:\/\/traveluxury.com\/es\/faq","url":"https:\/\/traveluxury.com\/es\/faq","name":"Preguntas frecuentes sobre viajes y alojamiento | Traveluxury.com","isPartOf":{"@id":"https:\/\/traveluxury.com\/#website"},"datePublished":"2025-08-25T13:32:13+00:00","dateModified":"2025-10-16T08:34:06+00:00","breadcrumb":{"@id":"https:\/\/traveluxury.com\/es\/faq#breadcrumb"},"inLanguage":"es","potentialAction":[{"@type":"ReadAction","target":["https:\/\/traveluxury.com\/es\/faq"]}]},{"@type":"BreadcrumbList","@id":"https:\/\/traveluxury.com\/es\/faq#breadcrumb","itemListElement":[{"@type":"ListItem","position":1,"name":"Home","item":"https:\/\/traveluxury.com\/es"},{"@type":"ListItem","position":2,"name":"Preguntas m\u00e1s frecuentes"}]},{"@type":"WebSite","@id":"https:\/\/traveluxury.com\/#website","url":"https:\/\/traveluxury.com\/","name":"Traveluxury.com","description":"Exceptional hotels at exceptional prices","potentialAction":[{"@type":"SearchAction","target":{"@type":"EntryPoint","urlTemplate":"https:\/\/traveluxury.com\/?s={search_term_string}"},"query-input":{"@type":"PropertyValueSpecification","valueRequired":true,"valueName":"search_term_string"}}],"inLanguage":"es"}]}},"_links":{"self":[{"href":"https:\/\/traveluxury.com\/es\/wp-json\/wp\/v2\/pages\/52123","targetHints":{"allow":["GET"]}}],"collection":[{"href":"https:\/\/traveluxury.com\/es\/wp-json\/wp\/v2\/pages"}],"about":[{"href":"https:\/\/traveluxury.com\/es\/wp-json\/wp\/v2\/types\/page"}],"author":[{"embeddable":true,"href":"https:\/\/traveluxury.com\/es\/wp-json\/wp\/v2\/users\/2"}],"replies":[{"embeddable":true,"href":"https:\/\/traveluxury.com\/es\/wp-json\/wp\/v2\/comments?post=52123"}],"version-history":[{"count":4,"href":"https:\/\/traveluxury.com\/es\/wp-json\/wp\/v2\/pages\/52123\/revisions"}],"predecessor-version":[{"id":57580,"href":"https:\/\/traveluxury.com\/es\/wp-json\/wp\/v2\/pages\/52123\/revisions\/57580"}],"wp:attachment":[{"href":"https:\/\/traveluxury.com\/es\/wp-json\/wp\/v2\/media?parent=52123"}],"curies":[{"name":"wp","href":"https:\/\/api.w.org\/{rel}","templated":true}]}}