{"id":50615,"date":"2015-02-10T19:21:05","date_gmt":"2015-02-10T19:21:05","guid":{"rendered":"https:\/\/www.traveluxury.com\/home"},"modified":"2025-09-01T08:15:01","modified_gmt":"2025-09-01T07:15:01","slug":"home","status":"publish","type":"page","link":"https:\/\/traveluxury.com\/es","title":{"rendered":"Hogar"},"content":{"rendered":"<div class=\"wpb-content-wrapper\"><p>[vc_row content_placement=\u00bbmiddle\u00bb disable_element=\u00bbyes\u00bb css=\u00bb.vc_custom_1542134008290{margin-top: 20% !important;}\u00bb][vc_column offset=\u00bbvc_hidden-lg vc_hidden-md vc_hidden-sm\u00bb css=\u00bb.vc_custom_1533126611045{margin-top: 50px !important;margin-bottom: -25px !important;}\u00bb]\n\t\t\t<!-- START home REVOLUTION SLIDER 6.7.37 --><p class=\"rs-p-wp-fix\"><\/p>\n\t\t\t<rs-module-wrap id=\"rev_slider_1_1_wrapper\" data-source=\"gallery\" style=\"visibility:hidden;background:transparent;padding:0;margin:0px auto;margin-top:0;margin-bottom:0;\">\n\t\t\t\t<rs-module id=\"rev_slider_1_1\" style=\"\" data-version=\"6.7.37\">\n\t\t\t\t\t<rs-slides style=\"overflow: hidden; position: absolute;\">\n\t\t\t\t\t\t<rs-slide style=\"position: absolute;\" data-key=\"rs-97\" data-title=\"Slide\" data-anim=\"adpr:false;\">\n\t\t\t\t\t\t\t<img decoding=\"async\" src=\"\/\/traveluxury.com\/wp-content\/plugins\/revslider\/sr6\/assets\/assets\/dummy.png\" alt=\"\" title=\"Hogar\" class=\"rev-slidebg tp-rs-img rs-lazyload\" data-lazyload=\"\/\/traveluxury.com\/wp-content\/uploads\/2020\/02\/header-img.jpg\" data-no-retina>\n<!--\n\t\t\t\t\t\t\t--><rs-layer\n\t\t\t\t\t\t\t\tid=\"slider-1-slide-97-layer-1\" \n\t\t\t\t\t\t\t\tclass=\"tp-shape tp-shapewrapper\"\n\t\t\t\t\t\t\t\tdata-type=\"shape\"\n\t\t\t\t\t\t\t\tdata-rsp_ch=\"on\"\n\t\t\t\t\t\t\t\tdata-xy=\"x:c;y:m;\"\n\t\t\t\t\t\t\t\tdata-text=\"a:inherit;\"\n\t\t\t\t\t\t\t\tdata-dim=\"w:850px;h:70px;\"\n\t\t\t\t\t\t\t\tdata-vbility=\"t,f,f,f\"\n\t\t\t\t\t\t\t\tdata-frame_0=\"tp:600;\"\n\t\t\t\t\t\t\t\tdata-frame_1=\"tp:600;st:0;\"\n\t\t\t\t\t\t\t\tdata-frame_999=\"o:0;tp:600;st:w;sR:4700;\"\n\t\t\t\t\t\t\t\tstyle=\"z-index:5;background-color:rgba(63,122,119,0.48);\"\n\t\t\t\t\t\t\t> \n\t\t\t\t\t\t\t<\/rs-layer><!--\n\n\t\t\t\t\t\t\t--><rs-layer\n\t\t\t\t\t\t\t\tid=\"slider-1-slide-97-layer-2\" \n\t\t\t\t\t\t\t\tdata-type=\"text\"\n\t\t\t\t\t\t\t\tdata-rsp_ch=\"on\"\n\t\t\t\t\t\t\t\tdata-xy=\"x:c;y:m;\"\n\t\t\t\t\t\t\t\tdata-text=\"s:32;l:22;a:inherit;\"\n\t\t\t\t\t\t\t\tdata-vbility=\"t,f,f,f\"\n\t\t\t\t\t\t\t\tdata-frame_0=\"tp:600;\"\n\t\t\t\t\t\t\t\tdata-frame_1=\"tp:600;st:0;\"\n\t\t\t\t\t\t\t\tdata-frame_999=\"o:0;tp:600;st:w;sR:4700;\"\n\t\t\t\t\t\t\t\tstyle=\"z-index:6;font-family:'Open Sans';\"\n\t\t\t\t\t\t\t>Exceptional hotels at exceptional prices\n \n\t\t\t\t\t\t\t<\/rs-layer><!--\n\n\t\t\t\t\t\t\t--><rs-layer\n\t\t\t\t\t\t\t\tid=\"slider-1-slide-97-layer-3\" \n\t\t\t\t\t\t\t\tdata-type=\"image\"\n\t\t\t\t\t\t\t\tdata-rsp_ch=\"on\"\n\t\t\t\t\t\t\t\tdata-xy=\"x:c;y:m;\"\n\t\t\t\t\t\t\t\tdata-text=\"l:22;a:inherit;\"\n\t\t\t\t\t\t\t\tdata-dim=\"w:912px,769px,615px,386px;h:91px,77px,62px,39px;\"\n\t\t\t\t\t\t\t\tdata-vbility=\"f,t,t,t\"\n\t\t\t\t\t\t\t\tdata-frame_0=\"tp:600;\"\n\t\t\t\t\t\t\t\tdata-frame_1=\"tp:600;st:0;\"\n\t\t\t\t\t\t\t\tdata-frame_999=\"o:0;tp:600;st:w;sR:4700;\"\n\t\t\t\t\t\t\t\tstyle=\"z-index:7;\"\n\t\t\t\t\t\t\t><img decoding=\"async\" src=\"\/\/traveluxury.com\/wp-content\/plugins\/revslider\/sr6\/assets\/assets\/dummy.png\" alt=\"\" class=\"tp-rs-img rs-lazyload\" data-lazyload=\"\/\/www.traveluxury.com\/wp-content\/uploads\/2020\/02\/traveluxury-logo.png\" data-no-retina> \n\t\t\t\t\t\t\t<\/rs-layer><!--\n-->\t\t\t\t\t<\/rs-slide>\n\t\t\t\t\t<\/rs-slides>\n\t\t\t\t<\/rs-module>\n\t\t\t\t<script>\n\t\t\t\t\tsetREVStartSize({c: 'rev_slider_1_1',rl:[1240,1024,778,480],el:[],gw:[1240,960,767,480],gh:[868,768,960,720],type:'standard',justify:'',layout:'fullwidth',mh:\"0\"});if (window.RS_MODULES!==undefined && window.RS_MODULES.modules!==undefined && window.RS_MODULES.modules[\"revslider11\"]!==undefined) {window.RS_MODULES.modules[\"revslider11\"].once = false;window.revapi1 = undefined;if (window.RS_MODULES.checkMinimal!==undefined) window.RS_MODULES.checkMinimal()}\n\t\t\t\t<\/script>\n\t\t\t<\/rs-module-wrap>\n\t\t\t<!-- END REVOLUTION SLIDER -->\n[vc_column_text css_animation=\u00bbnone\u00bb]<\/p>\n<h1 style=\"text-align: center;\">Hoteles excepcionales a precios excepcionales<\/h1>\n<p>[\/vc_column_text][\/vc_column][\/vc_row][vc_row][vc_column][vc_column_text css_animation=\u00bbnone\u00bb css=\u00bb.vc_custom_1582185564770{margin-bottom: 0px !important;}\u00bb]<\/p>\n<div class=\"about-section\">\n<p>Durante m\u00e1s de 20 a\u00f1os, Stephane Fruitier, fundador de Traveluxury.com, ha compartido su experiencia y amor por los viajes para ofrecerle viajes excepcionales a precios igualmente excepcionales.<\/p>\n<p class=\"mobile-read-more\"><span class=\"arrow-link\">LEER M\u00c1S<\/span><\/p>\n<\/div>\n<p>[\/vc_column_text][\/vc_column][\/vc_row][vc_row css=\u00bb.vc_custom_1582185812829{margin-top: 0px !important;}\u00bb el_class=\u00bbmobile-hide\u00bb][vc_column][vc_column_text css_animation=\u00bbnone\u00bb css=\u00bb\u00bb]<\/p>\n<div class=\"about-section\">\n<p style=\"text-align: justify;\">Despu\u00e9s de haber viajado por los cinco continentes para descubrir los hoteles m\u00e1s bellos en los destinos m\u00e1s bellos (m\u00e1s de 100 pa\u00edses y 450 ciudades visitadas y m\u00e1s de 1000 hoteles revisados regularmente), Traveluxury.com contin\u00faa seleccionando los mejores hoteles del mundo para usted. Armado con esta profundidad y riqueza de experiencia, Stephane negocia para usted los mejores precios, poniendo a su disposici\u00f3n una experiencia de viaje \u00fanica que vivir\u00e1 con usted para siempre.<\/p>\n<p style=\"text-align: justify;\">Ya sea la comodidad de un chalet de lujo ubicado en el coraz\u00f3n de los Alpes suizos, una isla privada escondida en medio del Caribe o incluso un palacio moderno en Dubai, Stephane y su equipo hacen posible que sus sue\u00f1os m\u00e1s locos se hagan realidad.<\/p>\n<p style=\"text-align: justify;\">Experimentar un viaje con Traveluxury tambi\u00e9n es beneficiarse de ventajas excepcionales de valor agregado y precios exclusivos solo para miembros con ofertas excepcionales en una selecci\u00f3n de servicios de conserjer\u00eda privada, desde limusinas y jets privados hasta reservas en restaurantes y aventuras locales exclusivas.<\/p>\n<p style=\"text-align: justify;\">As\u00ed que date prisa y \u00fanete a nosotros en Traveluxury.com para que t\u00fa tambi\u00e9n puedas experimentar \u00abhoteles excepcionales a precios excepcionales\u00bb.<\/p>\n<p style=\"text-align: justify;\"><strong>Stephane Fruitier<\/strong><br \/>\nConsejero delegado<\/p>\n<\/div>\n<p>[\/vc_column_text][\/vc_column][\/vc_row][vc_row][vc_column][\/vc_column][\/vc_row]<\/p>\n<\/div>","protected":false},"excerpt":{"rendered":"<p>[vc_row content_placement=\u00bbmiddle\u00bb disable_element=\u00bbyes\u00bb css=\u00bb.vc_custom_1542134008290{margin-top: 20% !important;}\u00bb][vc_column offset=\u00bbvc_hidden-lg vc_hidden-md vc_hidden-sm\u00bb css=\u00bb.vc_custom_1533126611045{margin-top: 50px !important;margin-bottom: -25px !important;}\u00bb][vc_column_text css_animation=\u00bbnone\u00bb] Hoteles excepcionales a precios excepcionales [\/vc_column_text][\/vc_column][\/vc_row][vc_row][vc_column][vc_column_text css_animation=\u00bbnone\u00bb css=\u00bb.vc_custom_1582185564770{margin-bottom: 0px !important;}\u00bb] Durante m\u00e1s de 20 a\u00f1os, Stephane Fruitier, fundador de Traveluxury.com, ha compartido su experiencia y amor por los viajes para ofrecerle&#8230;<\/p>\n","protected":false},"author":2,"featured_media":0,"parent":0,"menu_order":0,"comment_status":"closed","ping_status":"closed","template":"","meta":{"_acf_changed":false,"_monsterinsights_skip_tracking":false,"_monsterinsights_sitenote_active":false,"_monsterinsights_sitenote_note":"","_monsterinsights_sitenote_category":0,"_uf_show_specific_survey":0,"_uf_disable_surveys":false,"footnotes":""},"class_list":["post-50615","page","type-page","status-publish","hentry"],"acf":[],"aioseo_notices":[],"yoast_head":"<!-- This site is optimized with the Yoast SEO plugin v25.9 - https:\/\/yoast.com\/wordpress\/plugins\/seo\/ -->\n<title>Traveluxury.com: hoteles excepcionales a precios excepcionales<\/title>\n<meta name=\"description\" content=\"Traveluxury.com proporciona una base de datos de b\u00fasqueda de hoteles de lujo en todo el mundo, as\u00ed como ofertas especiales, subastas e informaci\u00f3n adicional para los viajeros.\" \/>\n<meta name=\"robots\" content=\"index, follow, max-snippet:-1, max-image-preview:large, max-video-preview:-1\" \/>\n<link rel=\"canonical\" href=\"https:\/\/traveluxury.com\/es\" \/>\n<meta property=\"og:locale\" content=\"es_ES\" \/>\n<meta property=\"og:type\" content=\"article\" \/>\n<meta property=\"og:title\" content=\"Los sue\u00f1os se hacen realidad solo en Traveluxury.com\" \/>\n<meta property=\"og:description\" content=\"Traveluxury.com proporciona una base de datos de b\u00fasqueda de hoteles de lujo en todo el mundo, as\u00ed como ofertas especiales, subastas e informaci\u00f3n adicional para los viajeros.\" \/>\n<meta property=\"og:url\" content=\"https:\/\/traveluxury.com\/es\" \/>\n<meta property=\"og:site_name\" content=\"Traveluxury.com\" \/>\n<meta property=\"article:publisher\" content=\"https:\/\/www.facebook.com\/traveluxurypage\" \/>\n<meta property=\"article:modified_time\" content=\"2025-09-01T07:15:01+00:00\" \/>\n<meta name=\"twitter:card\" content=\"summary_large_image\" \/>\n<meta name=\"twitter:site\" content=\"@traveluxurypage\" \/>\n<meta name=\"twitter:label1\" content=\"Tiempo de lectura\" \/>\n\t<meta name=\"twitter:data1\" content=\"2 minutos\" \/>\n<script type=\"application\/ld+json\" class=\"yoast-schema-graph\">{\"@context\":\"https:\/\/schema.org\",\"@graph\":[{\"@type\":\"WebPage\",\"@id\":\"https:\/\/traveluxury.com\/es\",\"url\":\"https:\/\/traveluxury.com\/es\",\"name\":\"Traveluxury.com: hoteles excepcionales a precios excepcionales\",\"isPartOf\":{\"@id\":\"https:\/\/traveluxury.com\/#website\"},\"datePublished\":\"2015-02-10T19:21:05+00:00\",\"dateModified\":\"2025-09-01T07:15:01+00:00\",\"description\":\"Traveluxury.com proporciona una base de datos de b\u00fasqueda de hoteles de lujo en todo el mundo, as\u00ed como ofertas especiales, subastas e informaci\u00f3n adicional para los viajeros.\",\"breadcrumb\":{\"@id\":\"https:\/\/traveluxury.com\/es#breadcrumb\"},\"inLanguage\":\"es\",\"potentialAction\":[{\"@type\":\"ReadAction\",\"target\":[\"https:\/\/traveluxury.com\/es\"]}]},{\"@type\":\"BreadcrumbList\",\"@id\":\"https:\/\/traveluxury.com\/es#breadcrumb\",\"itemListElement\":[{\"@type\":\"ListItem\",\"position\":1,\"name\":\"Home\",\"item\":\"https:\/\/traveluxury.com\/es\"},{\"@type\":\"ListItem\",\"position\":2,\"name\":\"Hogar\"}]},{\"@type\":\"WebSite\",\"@id\":\"https:\/\/traveluxury.com\/#website\",\"url\":\"https:\/\/traveluxury.com\/\",\"name\":\"Traveluxury.com\",\"description\":\"Exceptional hotels at exceptional prices\",\"potentialAction\":[{\"@type\":\"SearchAction\",\"target\":{\"@type\":\"EntryPoint\",\"urlTemplate\":\"https:\/\/traveluxury.com\/?s={search_term_string}\"},\"query-input\":{\"@type\":\"PropertyValueSpecification\",\"valueRequired\":true,\"valueName\":\"search_term_string\"}}],\"inLanguage\":\"es\"}]}<\/script>\n<!-- \/ Yoast SEO plugin. -->","yoast_head_json":{"title":"Traveluxury.com: hoteles excepcionales a precios excepcionales","description":"Traveluxury.com proporciona una base de datos de b\u00fasqueda de hoteles de lujo en todo el mundo, as\u00ed como ofertas especiales, subastas e informaci\u00f3n adicional para los viajeros.","robots":{"index":"index","follow":"follow","max-snippet":"max-snippet:-1","max-image-preview":"max-image-preview:large","max-video-preview":"max-video-preview:-1"},"canonical":"https:\/\/traveluxury.com\/es","og_locale":"es_ES","og_type":"article","og_title":"Los sue\u00f1os se hacen realidad solo en Traveluxury.com","og_description":"Traveluxury.com proporciona una base de datos de b\u00fasqueda de hoteles de lujo en todo el mundo, as\u00ed como ofertas especiales, subastas e informaci\u00f3n adicional para los viajeros.","og_url":"https:\/\/traveluxury.com\/es","og_site_name":"Traveluxury.com","article_publisher":"https:\/\/www.facebook.com\/traveluxurypage","article_modified_time":"2025-09-01T07:15:01+00:00","twitter_card":"summary_large_image","twitter_site":"@traveluxurypage","twitter_misc":{"Tiempo de lectura":"2 minutos"},"schema":{"@context":"https:\/\/schema.org","@graph":[{"@type":"WebPage","@id":"https:\/\/traveluxury.com\/es","url":"https:\/\/traveluxury.com\/es","name":"Traveluxury.com: hoteles excepcionales a precios excepcionales","isPartOf":{"@id":"https:\/\/traveluxury.com\/#website"},"datePublished":"2015-02-10T19:21:05+00:00","dateModified":"2025-09-01T07:15:01+00:00","description":"Traveluxury.com proporciona una base de datos de b\u00fasqueda de hoteles de lujo en todo el mundo, as\u00ed como ofertas especiales, subastas e informaci\u00f3n adicional para los viajeros.","breadcrumb":{"@id":"https:\/\/traveluxury.com\/es#breadcrumb"},"inLanguage":"es","potentialAction":[{"@type":"ReadAction","target":["https:\/\/traveluxury.com\/es"]}]},{"@type":"BreadcrumbList","@id":"https:\/\/traveluxury.com\/es#breadcrumb","itemListElement":[{"@type":"ListItem","position":1,"name":"Home","item":"https:\/\/traveluxury.com\/es"},{"@type":"ListItem","position":2,"name":"Hogar"}]},{"@type":"WebSite","@id":"https:\/\/traveluxury.com\/#website","url":"https:\/\/traveluxury.com\/","name":"Traveluxury.com","description":"Exceptional hotels at exceptional prices","potentialAction":[{"@type":"SearchAction","target":{"@type":"EntryPoint","urlTemplate":"https:\/\/traveluxury.com\/?s={search_term_string}"},"query-input":{"@type":"PropertyValueSpecification","valueRequired":true,"valueName":"search_term_string"}}],"inLanguage":"es"}]}},"_links":{"self":[{"href":"https:\/\/traveluxury.com\/es\/wp-json\/wp\/v2\/pages\/50615","targetHints":{"allow":["GET"]}}],"collection":[{"href":"https:\/\/traveluxury.com\/es\/wp-json\/wp\/v2\/pages"}],"about":[{"href":"https:\/\/traveluxury.com\/es\/wp-json\/wp\/v2\/types\/page"}],"author":[{"embeddable":true,"href":"https:\/\/traveluxury.com\/es\/wp-json\/wp\/v2\/users\/2"}],"replies":[{"embeddable":true,"href":"https:\/\/traveluxury.com\/es\/wp-json\/wp\/v2\/comments?post=50615"}],"version-history":[{"count":16,"href":"https:\/\/traveluxury.com\/es\/wp-json\/wp\/v2\/pages\/50615\/revisions"}],"predecessor-version":[{"id":53547,"href":"https:\/\/traveluxury.com\/es\/wp-json\/wp\/v2\/pages\/50615\/revisions\/53547"}],"wp:attachment":[{"href":"https:\/\/traveluxury.com\/es\/wp-json\/wp\/v2\/media?parent=50615"}],"curies":[{"name":"wp","href":"https:\/\/api.w.org\/{rel}","templated":true}]}}